{"id":699,"date":"2025-09-04T12:48:08","date_gmt":"2025-09-04T12:48:08","guid":{"rendered":"https:\/\/miracleart.cat\/producto\/medalla-milagrosa-de-nuestra-senora-de-paris\/"},"modified":"2025-09-29T13:47:28","modified_gmt":"2025-09-29T13:47:28","slug":"medalla-milagrosa-de-nuestra-senora-de-paris","status":"publish","type":"product","link":"https:\/\/miracleart.cat\/en\/producto\/medalla-milagrosa-de-nuestra-senora-de-paris\/","title":{"rendered":"Medalla Milagrosa de Nuestra Se\u00f1ora de Par\u00eds"},"content":{"rendered":"","protected":false},"excerpt":{"rendered":"<p>Medalla emblem\u00e1tica de la Virgen Mar\u00eda, ideal para devotos.<\/p>\n","protected":false},"featured_media":374,"comment_status":"open","ping_status":"closed","template":"","meta":{"_acf_changed":false,"iawp_total_views":0},"marca":[66,65],"product_brand":[],"product_cat":[143],"product_tag":[145,157,158],"class_list":{"0":"post-699","1":"product","2":"type-product","3":"status-publish","4":"has-post-thumbnail","6":"marca-arte-sagrado","7":"marca-miracle-art","8":"product_cat-la-medalla-milagrosa-en","9":"product_tag-apariciones-en","10":"product_tag-medalla-en","11":"product_tag-religioso-en","13":"first","14":"instock","15":"sale","16":"shipping-taxable","17":"purchasable","18":"product-type-simple"},"acf":[],"yoast_head":"<!-- This site is optimized with the Yoast SEO plugin v27.3 - https:\/\/yoast.com\/product\/yoast-seo-wordpress\/ -->\n<title>Medalla Milagrosa de Nuestra Se\u00f1ora de Par\u00eds - Miracle Art<\/title>\n<meta name=\"description\" content=\"Compra la Medalla Milagrosa de Nuestra Se\u00f1ora de Par\u00eds en Miracle Art. Producto emblem\u00e1tico y religioso a un precio especial de 300,00 \u20ac. Env\u00edo gratis y 100 d\u00edas de devoluci\u00f3n garantizados.\" \/>\n<meta name=\"robots\" content=\"index, follow, max-snippet:-1, max-image-preview:large, max-video-preview:-1\" \/>\n<link rel=\"canonical\" href=\"https:\/\/miracleart.cat\/en\/producto\/medalla-milagrosa-de-nuestra-senora-de-paris\/\" \/>\n<meta property=\"og:locale\" content=\"en_US\" \/>\n<meta property=\"og:type\" content=\"article\" \/>\n<meta property=\"og:title\" content=\"Medalla Milagrosa de Nuestra Se\u00f1ora de Par\u00eds - Miracle Art\" \/>\n<meta property=\"og:description\" content=\"Compra la Medalla Milagrosa de Nuestra Se\u00f1ora de Par\u00eds en Miracle Art. Producto emblem\u00e1tico y religioso a un precio especial de 300,00 \u20ac. Env\u00edo gratis y 100 d\u00edas de devoluci\u00f3n garantizados.\" \/>\n<meta property=\"og:url\" content=\"https:\/\/miracleart.cat\/en\/producto\/medalla-milagrosa-de-nuestra-senora-de-paris\/\" \/>\n<meta property=\"og:site_name\" content=\"Miracle Art\" \/>\n<meta property=\"article:modified_time\" content=\"2025-09-29T13:47:28+00:00\" \/>\n<meta property=\"og:image\" content=\"https:\/\/miracleart.cat\/wp-content\/uploads\/2025\/09\/Leonardo_Vision_XL_Una_imagen_para_un_sitio_web_de_arte_presen_0-1024x832.jpg\" \/>\n\t<meta property=\"og:image:width\" content=\"1024\" \/>\n\t<meta property=\"og:image:height\" content=\"832\" \/>\n\t<meta property=\"og:image:type\" content=\"image\/jpeg\" \/>\n<meta name=\"twitter:card\" content=\"summary_large_image\" \/>\n<!-- \/ Yoast SEO plugin. -->","yoast_head_json":{"title":"Medalla Milagrosa de Nuestra Se\u00f1ora de Par\u00eds - Miracle Art","description":"Compra la Medalla Milagrosa de Nuestra Se\u00f1ora de Par\u00eds en Miracle Art. Producto emblem\u00e1tico y religioso a un precio especial de 300,00 \u20ac. Env\u00edo gratis y 100 d\u00edas de devoluci\u00f3n garantizados.","robots":{"index":"index","follow":"follow","max-snippet":"max-snippet:-1","max-image-preview":"max-image-preview:large","max-video-preview":"max-video-preview:-1"},"canonical":"https:\/\/miracleart.cat\/en\/producto\/medalla-milagrosa-de-nuestra-senora-de-paris\/","og_locale":"en_US","og_type":"article","og_title":"Medalla Milagrosa de Nuestra Se\u00f1ora de Par\u00eds - Miracle Art","og_description":"Compra la Medalla Milagrosa de Nuestra Se\u00f1ora de Par\u00eds en Miracle Art. Producto emblem\u00e1tico y religioso a un precio especial de 300,00 \u20ac. Env\u00edo gratis y 100 d\u00edas de devoluci\u00f3n garantizados.","og_url":"https:\/\/miracleart.cat\/en\/producto\/medalla-milagrosa-de-nuestra-senora-de-paris\/","og_site_name":"Miracle Art","article_modified_time":"2025-09-29T13:47:28+00:00","og_image":[{"width":1024,"height":832,"url":"https:\/\/miracleart.cat\/wp-content\/uploads\/2025\/09\/Leonardo_Vision_XL_Una_imagen_para_un_sitio_web_de_arte_presen_0-1024x832.jpg","type":"image\/jpeg"}],"twitter_card":"summary_large_image","schema":{"@context":"https:\/\/schema.org","@graph":[{"@type":"WebPage","@id":"https:\/\/miracleart.cat\/en\/producto\/medalla-milagrosa-de-nuestra-senora-de-paris\/","url":"https:\/\/miracleart.cat\/en\/producto\/medalla-milagrosa-de-nuestra-senora-de-paris\/","name":"Medalla Milagrosa de Nuestra Se\u00f1ora de Par\u00eds - Miracle Art","isPartOf":{"@id":"https:\/\/miracleart.cat\/en\/#website"},"primaryImageOfPage":{"@id":"https:\/\/miracleart.cat\/en\/producto\/medalla-milagrosa-de-nuestra-senora-de-paris\/#primaryimage"},"image":{"@id":"https:\/\/miracleart.cat\/en\/producto\/medalla-milagrosa-de-nuestra-senora-de-paris\/#primaryimage"},"thumbnailUrl":"https:\/\/miracleart.cat\/wp-content\/uploads\/2025\/09\/Leonardo_Vision_XL_Una_imagen_para_un_sitio_web_de_arte_presen_0.jpg","datePublished":"2025-09-04T12:48:08+00:00","dateModified":"2025-09-29T13:47:28+00:00","description":"Compra la Medalla Milagrosa de Nuestra Se\u00f1ora de Par\u00eds en Miracle Art. Producto emblem\u00e1tico y religioso a un precio especial de 300,00 \u20ac. Env\u00edo gratis y 100 d\u00edas de devoluci\u00f3n garantizados.","breadcrumb":{"@id":"https:\/\/miracleart.cat\/en\/producto\/medalla-milagrosa-de-nuestra-senora-de-paris\/#breadcrumb"},"inLanguage":"en-US","potentialAction":[{"@type":"ReadAction","target":["https:\/\/miracleart.cat\/en\/producto\/medalla-milagrosa-de-nuestra-senora-de-paris\/"]}]},{"@type":"ImageObject","inLanguage":"en-US","@id":"https:\/\/miracleart.cat\/en\/producto\/medalla-milagrosa-de-nuestra-senora-de-paris\/#primaryimage","url":"https:\/\/miracleart.cat\/wp-content\/uploads\/2025\/09\/Leonardo_Vision_XL_Una_imagen_para_un_sitio_web_de_arte_presen_0.jpg","contentUrl":"https:\/\/miracleart.cat\/wp-content\/uploads\/2025\/09\/Leonardo_Vision_XL_Una_imagen_para_un_sitio_web_de_arte_presen_0.jpg","width":1792,"height":1456},{"@type":"BreadcrumbList","@id":"https:\/\/miracleart.cat\/en\/producto\/medalla-milagrosa-de-nuestra-senora-de-paris\/#breadcrumb","itemListElement":[{"@type":"ListItem","position":1,"name":"Portada","item":"https:\/\/miracleart.cat\/en\/"},{"@type":"ListItem","position":2,"name":"Tienda","item":"https:\/\/miracleart.cat\/en\/tienda\/"},{"@type":"ListItem","position":3,"name":"Medalla Milagrosa de Nuestra Se\u00f1ora de Par\u00eds"}]},{"@type":"WebSite","@id":"https:\/\/miracleart.cat\/en\/#website","url":"https:\/\/miracleart.cat\/en\/","name":"Miracle Art","description":"Miracle Art","publisher":{"@id":"https:\/\/miracleart.cat\/en\/#organization"},"potentialAction":[{"@type":"SearchAction","target":{"@type":"EntryPoint","urlTemplate":"https:\/\/miracleart.cat\/en\/?s={search_term_string}"},"query-input":{"@type":"PropertyValueSpecification","valueRequired":true,"valueName":"search_term_string"}}],"inLanguage":"en-US"},{"@type":"Organization","@id":"https:\/\/miracleart.cat\/en\/#organization","name":"Miracle Art","url":"https:\/\/miracleart.cat\/en\/","logo":{"@type":"ImageObject","inLanguage":"en-US","@id":"https:\/\/miracleart.cat\/en\/#\/schema\/logo\/image\/","url":"https:\/\/miracleart.cat\/wp-content\/uploads\/2025\/09\/68b957978e868_Logo-MdM-Transparente.png","contentUrl":"https:\/\/miracleart.cat\/wp-content\/uploads\/2025\/09\/68b957978e868_Logo-MdM-Transparente.png","width":1080,"height":1080,"caption":"Miracle Art"},"image":{"@id":"https:\/\/miracleart.cat\/en\/#\/schema\/logo\/image\/"}}]}},"_links":{"self":[{"href":"https:\/\/miracleart.cat\/en\/wp-json\/wp\/v2\/product\/699","targetHints":{"allow":["GET"]}}],"collection":[{"href":"https:\/\/miracleart.cat\/en\/wp-json\/wp\/v2\/product"}],"about":[{"href":"https:\/\/miracleart.cat\/en\/wp-json\/wp\/v2\/types\/product"}],"replies":[{"embeddable":true,"href":"https:\/\/miracleart.cat\/en\/wp-json\/wp\/v2\/comments?post=699"}],"wp:featuredmedia":[{"embeddable":true,"href":"https:\/\/miracleart.cat\/en\/wp-json\/wp\/v2\/media\/374"}],"wp:attachment":[{"href":"https:\/\/miracleart.cat\/en\/wp-json\/wp\/v2\/media?parent=699"}],"wp:term":[{"taxonomy":"marca","embeddable":true,"href":"https:\/\/miracleart.cat\/en\/wp-json\/wp\/v2\/marca?post=699"},{"taxonomy":"product_brand","embeddable":true,"href":"https:\/\/miracleart.cat\/en\/wp-json\/wp\/v2\/product_brand?post=699"},{"taxonomy":"product_cat","embeddable":true,"href":"https:\/\/miracleart.cat\/en\/wp-json\/wp\/v2\/product_cat?post=699"},{"taxonomy":"product_tag","embeddable":true,"href":"https:\/\/miracleart.cat\/en\/wp-json\/wp\/v2\/product_tag?post=699"}],"curies":[{"name":"wp","href":"https:\/\/api.w.org\/{rel}","templated":true}]}}