{"id":696,"date":"2025-09-04T12:50:50","date_gmt":"2025-09-04T12:50:50","guid":{"rendered":"https:\/\/miracleart.cat\/producto\/medalla-milagrosa-vintage-y-objetos-divinos\/"},"modified":"2025-09-29T13:47:38","modified_gmt":"2025-09-29T13:47:38","slug":"medalla-milagrosa-vintage-y-objetos-divinos","status":"publish","type":"product","link":"https:\/\/miracleart.cat\/en\/producto\/medalla-milagrosa-vintage-y-objetos-divinos\/","title":{"rendered":"Medalla Milagrosa Vintage y objetos divinos"},"content":{"rendered":"","protected":false},"excerpt":{"rendered":"<p>Medalla milagrosa antigua y reliquias sagradas con historia.<\/p>\n","protected":false},"featured_media":413,"comment_status":"open","ping_status":"closed","template":"","meta":{"_acf_changed":false,"iawp_total_views":0},"marca":[77,78],"product_brand":[],"product_cat":[143,153],"product_tag":[169,170,171],"class_list":{"0":"post-696","1":"product","2":"type-product","3":"status-publish","4":"has-post-thumbnail","6":"marca-milagrosarte","7":"marca-re-milagros","8":"product_cat-la-medalla-milagrosa-en","9":"product_cat-re-miracleart-en","10":"product_tag-artereligioso-en","11":"product_tag-devocionhistorica-en","12":"product_tag-medallamilagrosa-en","14":"first","15":"instock","16":"sale","17":"shipping-taxable","18":"purchasable","19":"product-type-simple"},"acf":[],"yoast_head":"<!-- This site is optimized with the Yoast SEO plugin v27.3 - https:\/\/yoast.com\/product\/yoast-seo-wordpress\/ -->\n<title>Medalla Milagrosa Vintage | Miracle Art<\/title>\n<meta name=\"description\" content=\"Descubre la Medalla Milagrosa Vintage y objetos divinos en Miracle Art. Oferta especial: de 440,00 \u20ac a solo 165,00 \u20ac. Env\u00edo gratis y 100 d\u00edas de devoluci\u00f3n.\" \/>\n<meta name=\"robots\" content=\"index, follow, max-snippet:-1, max-image-preview:large, max-video-preview:-1\" \/>\n<link rel=\"canonical\" href=\"https:\/\/miracleart.cat\/en\/producto\/medalla-milagrosa-vintage-y-objetos-divinos\/\" \/>\n<meta property=\"og:locale\" content=\"en_US\" \/>\n<meta property=\"og:type\" content=\"article\" \/>\n<meta property=\"og:title\" content=\"Medalla Milagrosa Vintage | Miracle Art\" \/>\n<meta property=\"og:description\" content=\"Descubre la Medalla Milagrosa Vintage y objetos divinos en Miracle Art. Oferta especial: de 440,00 \u20ac a solo 165,00 \u20ac. Env\u00edo gratis y 100 d\u00edas de devoluci\u00f3n.\" \/>\n<meta property=\"og:url\" content=\"https:\/\/miracleart.cat\/en\/producto\/medalla-milagrosa-vintage-y-objetos-divinos\/\" \/>\n<meta property=\"og:site_name\" content=\"Miracle Art\" \/>\n<meta property=\"article:modified_time\" content=\"2025-09-29T13:47:38+00:00\" \/>\n<meta property=\"og:image\" content=\"https:\/\/miracleart.cat\/wp-content\/uploads\/2025\/09\/Leonardo_Vision_XL_Una_imagen_colorida_y_alegre_de_una_Medalla_0.jpg\" \/>\n\t<meta property=\"og:image:width\" content=\"1792\" \/>\n\t<meta property=\"og:image:height\" content=\"1456\" \/>\n\t<meta property=\"og:image:type\" content=\"image\/jpeg\" \/>\n<meta name=\"twitter:card\" content=\"summary_large_image\" \/>\n<!-- \/ Yoast SEO plugin. -->","yoast_head_json":{"title":"Medalla Milagrosa Vintage | Miracle Art","description":"Descubre la Medalla Milagrosa Vintage y objetos divinos en Miracle Art. Oferta especial: de 440,00 \u20ac a solo 165,00 \u20ac. Env\u00edo gratis y 100 d\u00edas de devoluci\u00f3n.","robots":{"index":"index","follow":"follow","max-snippet":"max-snippet:-1","max-image-preview":"max-image-preview:large","max-video-preview":"max-video-preview:-1"},"canonical":"https:\/\/miracleart.cat\/en\/producto\/medalla-milagrosa-vintage-y-objetos-divinos\/","og_locale":"en_US","og_type":"article","og_title":"Medalla Milagrosa Vintage | Miracle Art","og_description":"Descubre la Medalla Milagrosa Vintage y objetos divinos en Miracle Art. Oferta especial: de 440,00 \u20ac a solo 165,00 \u20ac. Env\u00edo gratis y 100 d\u00edas de devoluci\u00f3n.","og_url":"https:\/\/miracleart.cat\/en\/producto\/medalla-milagrosa-vintage-y-objetos-divinos\/","og_site_name":"Miracle Art","article_modified_time":"2025-09-29T13:47:38+00:00","og_image":[{"width":1792,"height":1456,"url":"https:\/\/miracleart.cat\/wp-content\/uploads\/2025\/09\/Leonardo_Vision_XL_Una_imagen_colorida_y_alegre_de_una_Medalla_0.jpg","type":"image\/jpeg"}],"twitter_card":"summary_large_image","schema":{"@context":"https:\/\/schema.org","@graph":[{"@type":"WebPage","@id":"https:\/\/miracleart.cat\/en\/producto\/medalla-milagrosa-vintage-y-objetos-divinos\/","url":"https:\/\/miracleart.cat\/en\/producto\/medalla-milagrosa-vintage-y-objetos-divinos\/","name":"Medalla Milagrosa Vintage | Miracle Art","isPartOf":{"@id":"https:\/\/miracleart.cat\/en\/#website"},"primaryImageOfPage":{"@id":"https:\/\/miracleart.cat\/en\/producto\/medalla-milagrosa-vintage-y-objetos-divinos\/#primaryimage"},"image":{"@id":"https:\/\/miracleart.cat\/en\/producto\/medalla-milagrosa-vintage-y-objetos-divinos\/#primaryimage"},"thumbnailUrl":"https:\/\/miracleart.cat\/wp-content\/uploads\/2025\/09\/Leonardo_Vision_XL_Una_imagen_colorida_y_alegre_de_una_Medalla_0.jpg","datePublished":"2025-09-04T12:50:50+00:00","dateModified":"2025-09-29T13:47:38+00:00","description":"Descubre la Medalla Milagrosa Vintage y objetos divinos en Miracle Art. Oferta especial: de 440,00 \u20ac a solo 165,00 \u20ac. Env\u00edo gratis y 100 d\u00edas de devoluci\u00f3n.","breadcrumb":{"@id":"https:\/\/miracleart.cat\/en\/producto\/medalla-milagrosa-vintage-y-objetos-divinos\/#breadcrumb"},"inLanguage":"en-US","potentialAction":[{"@type":"ReadAction","target":["https:\/\/miracleart.cat\/en\/producto\/medalla-milagrosa-vintage-y-objetos-divinos\/"]}]},{"@type":"ImageObject","inLanguage":"en-US","@id":"https:\/\/miracleart.cat\/en\/producto\/medalla-milagrosa-vintage-y-objetos-divinos\/#primaryimage","url":"https:\/\/miracleart.cat\/wp-content\/uploads\/2025\/09\/Leonardo_Vision_XL_Una_imagen_colorida_y_alegre_de_una_Medalla_0.jpg","contentUrl":"https:\/\/miracleart.cat\/wp-content\/uploads\/2025\/09\/Leonardo_Vision_XL_Una_imagen_colorida_y_alegre_de_una_Medalla_0.jpg","width":1792,"height":1456},{"@type":"BreadcrumbList","@id":"https:\/\/miracleart.cat\/en\/producto\/medalla-milagrosa-vintage-y-objetos-divinos\/#breadcrumb","itemListElement":[{"@type":"ListItem","position":1,"name":"Portada","item":"https:\/\/miracleart.cat\/en\/"},{"@type":"ListItem","position":2,"name":"Tienda","item":"https:\/\/miracleart.cat\/en\/tienda\/"},{"@type":"ListItem","position":3,"name":"Medalla Milagrosa Vintage y objetos divinos"}]},{"@type":"WebSite","@id":"https:\/\/miracleart.cat\/en\/#website","url":"https:\/\/miracleart.cat\/en\/","name":"Miracle Art","description":"Miracle Art","publisher":{"@id":"https:\/\/miracleart.cat\/en\/#organization"},"potentialAction":[{"@type":"SearchAction","target":{"@type":"EntryPoint","urlTemplate":"https:\/\/miracleart.cat\/en\/?s={search_term_string}"},"query-input":{"@type":"PropertyValueSpecification","valueRequired":true,"valueName":"search_term_string"}}],"inLanguage":"en-US"},{"@type":"Organization","@id":"https:\/\/miracleart.cat\/en\/#organization","name":"Miracle Art","url":"https:\/\/miracleart.cat\/en\/","logo":{"@type":"ImageObject","inLanguage":"en-US","@id":"https:\/\/miracleart.cat\/en\/#\/schema\/logo\/image\/","url":"https:\/\/miracleart.cat\/wp-content\/uploads\/2025\/09\/68b957978e868_Logo-MdM-Transparente.png","contentUrl":"https:\/\/miracleart.cat\/wp-content\/uploads\/2025\/09\/68b957978e868_Logo-MdM-Transparente.png","width":1080,"height":1080,"caption":"Miracle Art"},"image":{"@id":"https:\/\/miracleart.cat\/en\/#\/schema\/logo\/image\/"}}]}},"_links":{"self":[{"href":"https:\/\/miracleart.cat\/en\/wp-json\/wp\/v2\/product\/696","targetHints":{"allow":["GET"]}}],"collection":[{"href":"https:\/\/miracleart.cat\/en\/wp-json\/wp\/v2\/product"}],"about":[{"href":"https:\/\/miracleart.cat\/en\/wp-json\/wp\/v2\/types\/product"}],"replies":[{"embeddable":true,"href":"https:\/\/miracleart.cat\/en\/wp-json\/wp\/v2\/comments?post=696"}],"wp:featuredmedia":[{"embeddable":true,"href":"https:\/\/miracleart.cat\/en\/wp-json\/wp\/v2\/media\/413"}],"wp:attachment":[{"href":"https:\/\/miracleart.cat\/en\/wp-json\/wp\/v2\/media?parent=696"}],"wp:term":[{"taxonomy":"marca","embeddable":true,"href":"https:\/\/miracleart.cat\/en\/wp-json\/wp\/v2\/marca?post=696"},{"taxonomy":"product_brand","embeddable":true,"href":"https:\/\/miracleart.cat\/en\/wp-json\/wp\/v2\/product_brand?post=696"},{"taxonomy":"product_cat","embeddable":true,"href":"https:\/\/miracleart.cat\/en\/wp-json\/wp\/v2\/product_cat?post=696"},{"taxonomy":"product_tag","embeddable":true,"href":"https:\/\/miracleart.cat\/en\/wp-json\/wp\/v2\/product_tag?post=696"}],"curies":[{"name":"wp","href":"https:\/\/api.w.org\/{rel}","templated":true}]}}