{"id":689,"date":"2025-09-04T12:57:20","date_gmt":"2025-09-04T12:57:20","guid":{"rendered":"https:\/\/miracleart.cat\/producto\/medalla-milagrosa-esplendor-sagrado\/"},"modified":"2025-09-29T13:47:37","modified_gmt":"2025-09-29T13:47:37","slug":"medalla-milagrosa-esplendor-sagrado","status":"publish","type":"product","link":"https:\/\/miracleart.cat\/en\/producto\/medalla-milagrosa-esplendor-sagrado\/","title":{"rendered":"Medalla Milagrosa Esplendor Sagrado"},"content":{"rendered":"","protected":false},"excerpt":{"rendered":"<p>Medalla Milagrosa con un mensaje de fe y esperanza desde 1830.<\/p>\n","protected":false},"featured_media":504,"comment_status":"open","ping_status":"closed","template":"","meta":{"_acf_changed":false,"iawp_total_views":1},"marca":[94,93],"product_brand":[],"product_cat":[143],"product_tag":[165,166,167],"class_list":{"0":"post-689","1":"product","2":"type-product","3":"status-publish","4":"has-post-thumbnail","6":"marca-devocion","7":"marca-miracleart","8":"product_cat-la-medalla-milagrosa-en","9":"product_tag-devocion-en","10":"product_tag-esperanza-en","11":"product_tag-fe-en","13":"first","14":"instock","15":"sale","16":"shipping-taxable","17":"purchasable","18":"product-type-simple"},"acf":[],"yoast_head":"<!-- This site is optimized with the Yoast SEO plugin v27.3 - https:\/\/yoast.com\/product\/yoast-seo-wordpress\/ -->\n<title>Medalla Milagrosa Esplendor Sagrado | Miracle Art<\/title>\n<meta name=\"description\" content=\"Descubre la Medalla Milagrosa Esplendor Sagrado con un dise\u00f1o \u00fanico de fe y esperanza desde 1830. Aprovecha el descuento del 37% y recibe env\u00edo gratis en Miracle Art.\" \/>\n<meta name=\"robots\" content=\"index, follow, max-snippet:-1, max-image-preview:large, max-video-preview:-1\" \/>\n<link rel=\"canonical\" href=\"https:\/\/miracleart.cat\/en\/producto\/medalla-milagrosa-esplendor-sagrado\/\" \/>\n<meta property=\"og:locale\" content=\"en_US\" \/>\n<meta property=\"og:type\" content=\"article\" \/>\n<meta property=\"og:title\" content=\"Medalla Milagrosa Esplendor Sagrado | Miracle Art\" \/>\n<meta property=\"og:description\" content=\"Descubre la Medalla Milagrosa Esplendor Sagrado con un dise\u00f1o \u00fanico de fe y esperanza desde 1830. Aprovecha el descuento del 37% y recibe env\u00edo gratis en Miracle Art.\" \/>\n<meta property=\"og:url\" content=\"https:\/\/miracleart.cat\/en\/producto\/medalla-milagrosa-esplendor-sagrado\/\" \/>\n<meta property=\"og:site_name\" content=\"Miracle Art\" \/>\n<meta property=\"article:modified_time\" content=\"2025-09-29T13:47:37+00:00\" \/>\n<meta property=\"og:image\" content=\"https:\/\/miracleart.cat\/wp-content\/uploads\/2025\/09\/Leonardo_Vision_XL_Una_imagen_de_una_medalla_dorada_brillante_0.jpg\" \/>\n\t<meta property=\"og:image:width\" content=\"1792\" \/>\n\t<meta property=\"og:image:height\" content=\"1456\" \/>\n\t<meta property=\"og:image:type\" content=\"image\/jpeg\" \/>\n<meta name=\"twitter:card\" content=\"summary_large_image\" \/>\n<!-- \/ Yoast SEO plugin. -->","yoast_head_json":{"title":"Medalla Milagrosa Esplendor Sagrado | Miracle Art","description":"Descubre la Medalla Milagrosa Esplendor Sagrado con un dise\u00f1o \u00fanico de fe y esperanza desde 1830. Aprovecha el descuento del 37% y recibe env\u00edo gratis en Miracle Art.","robots":{"index":"index","follow":"follow","max-snippet":"max-snippet:-1","max-image-preview":"max-image-preview:large","max-video-preview":"max-video-preview:-1"},"canonical":"https:\/\/miracleart.cat\/en\/producto\/medalla-milagrosa-esplendor-sagrado\/","og_locale":"en_US","og_type":"article","og_title":"Medalla Milagrosa Esplendor Sagrado | Miracle Art","og_description":"Descubre la Medalla Milagrosa Esplendor Sagrado con un dise\u00f1o \u00fanico de fe y esperanza desde 1830. Aprovecha el descuento del 37% y recibe env\u00edo gratis en Miracle Art.","og_url":"https:\/\/miracleart.cat\/en\/producto\/medalla-milagrosa-esplendor-sagrado\/","og_site_name":"Miracle Art","article_modified_time":"2025-09-29T13:47:37+00:00","og_image":[{"width":1792,"height":1456,"url":"https:\/\/miracleart.cat\/wp-content\/uploads\/2025\/09\/Leonardo_Vision_XL_Una_imagen_de_una_medalla_dorada_brillante_0.jpg","type":"image\/jpeg"}],"twitter_card":"summary_large_image","schema":{"@context":"https:\/\/schema.org","@graph":[{"@type":"WebPage","@id":"https:\/\/miracleart.cat\/en\/producto\/medalla-milagrosa-esplendor-sagrado\/","url":"https:\/\/miracleart.cat\/en\/producto\/medalla-milagrosa-esplendor-sagrado\/","name":"Medalla Milagrosa Esplendor Sagrado | Miracle Art","isPartOf":{"@id":"https:\/\/miracleart.cat\/en\/#website"},"primaryImageOfPage":{"@id":"https:\/\/miracleart.cat\/en\/producto\/medalla-milagrosa-esplendor-sagrado\/#primaryimage"},"image":{"@id":"https:\/\/miracleart.cat\/en\/producto\/medalla-milagrosa-esplendor-sagrado\/#primaryimage"},"thumbnailUrl":"https:\/\/miracleart.cat\/wp-content\/uploads\/2025\/09\/Leonardo_Vision_XL_Una_imagen_de_una_medalla_dorada_brillante_0.jpg","datePublished":"2025-09-04T12:57:20+00:00","dateModified":"2025-09-29T13:47:37+00:00","description":"Descubre la Medalla Milagrosa Esplendor Sagrado con un dise\u00f1o \u00fanico de fe y esperanza desde 1830. Aprovecha el descuento del 37% y recibe env\u00edo gratis en Miracle Art.","breadcrumb":{"@id":"https:\/\/miracleart.cat\/en\/producto\/medalla-milagrosa-esplendor-sagrado\/#breadcrumb"},"inLanguage":"en-US","potentialAction":[{"@type":"ReadAction","target":["https:\/\/miracleart.cat\/en\/producto\/medalla-milagrosa-esplendor-sagrado\/"]}]},{"@type":"ImageObject","inLanguage":"en-US","@id":"https:\/\/miracleart.cat\/en\/producto\/medalla-milagrosa-esplendor-sagrado\/#primaryimage","url":"https:\/\/miracleart.cat\/wp-content\/uploads\/2025\/09\/Leonardo_Vision_XL_Una_imagen_de_una_medalla_dorada_brillante_0.jpg","contentUrl":"https:\/\/miracleart.cat\/wp-content\/uploads\/2025\/09\/Leonardo_Vision_XL_Una_imagen_de_una_medalla_dorada_brillante_0.jpg","width":1792,"height":1456},{"@type":"BreadcrumbList","@id":"https:\/\/miracleart.cat\/en\/producto\/medalla-milagrosa-esplendor-sagrado\/#breadcrumb","itemListElement":[{"@type":"ListItem","position":1,"name":"Portada","item":"https:\/\/miracleart.cat\/en\/"},{"@type":"ListItem","position":2,"name":"Tienda","item":"https:\/\/miracleart.cat\/en\/tienda\/"},{"@type":"ListItem","position":3,"name":"Medalla Milagrosa Esplendor Sagrado"}]},{"@type":"WebSite","@id":"https:\/\/miracleart.cat\/en\/#website","url":"https:\/\/miracleart.cat\/en\/","name":"Miracle Art","description":"Miracle Art","publisher":{"@id":"https:\/\/miracleart.cat\/en\/#organization"},"potentialAction":[{"@type":"SearchAction","target":{"@type":"EntryPoint","urlTemplate":"https:\/\/miracleart.cat\/en\/?s={search_term_string}"},"query-input":{"@type":"PropertyValueSpecification","valueRequired":true,"valueName":"search_term_string"}}],"inLanguage":"en-US"},{"@type":"Organization","@id":"https:\/\/miracleart.cat\/en\/#organization","name":"Miracle Art","url":"https:\/\/miracleart.cat\/en\/","logo":{"@type":"ImageObject","inLanguage":"en-US","@id":"https:\/\/miracleart.cat\/en\/#\/schema\/logo\/image\/","url":"https:\/\/miracleart.cat\/wp-content\/uploads\/2025\/09\/68b957978e868_Logo-MdM-Transparente.png","contentUrl":"https:\/\/miracleart.cat\/wp-content\/uploads\/2025\/09\/68b957978e868_Logo-MdM-Transparente.png","width":1080,"height":1080,"caption":"Miracle Art"},"image":{"@id":"https:\/\/miracleart.cat\/en\/#\/schema\/logo\/image\/"}}]}},"_links":{"self":[{"href":"https:\/\/miracleart.cat\/en\/wp-json\/wp\/v2\/product\/689","targetHints":{"allow":["GET"]}}],"collection":[{"href":"https:\/\/miracleart.cat\/en\/wp-json\/wp\/v2\/product"}],"about":[{"href":"https:\/\/miracleart.cat\/en\/wp-json\/wp\/v2\/types\/product"}],"replies":[{"embeddable":true,"href":"https:\/\/miracleart.cat\/en\/wp-json\/wp\/v2\/comments?post=689"}],"wp:featuredmedia":[{"embeddable":true,"href":"https:\/\/miracleart.cat\/en\/wp-json\/wp\/v2\/media\/504"}],"wp:attachment":[{"href":"https:\/\/miracleart.cat\/en\/wp-json\/wp\/v2\/media?parent=689"}],"wp:term":[{"taxonomy":"marca","embeddable":true,"href":"https:\/\/miracleart.cat\/en\/wp-json\/wp\/v2\/marca?post=689"},{"taxonomy":"product_brand","embeddable":true,"href":"https:\/\/miracleart.cat\/en\/wp-json\/wp\/v2\/product_brand?post=689"},{"taxonomy":"product_cat","embeddable":true,"href":"https:\/\/miracleart.cat\/en\/wp-json\/wp\/v2\/product_cat?post=689"},{"taxonomy":"product_tag","embeddable":true,"href":"https:\/\/miracleart.cat\/en\/wp-json\/wp\/v2\/product_tag?post=689"}],"curies":[{"name":"wp","href":"https:\/\/api.w.org\/{rel}","templated":true}]}}