{"id":679,"date":"2025-09-04T13:07:05","date_gmt":"2025-09-04T13:07:05","guid":{"rendered":"https:\/\/miracleart.cat\/producto\/medalla-milagrosa-bendicion-de-maria\/"},"modified":"2026-01-20T18:55:20","modified_gmt":"2026-01-20T18:55:20","slug":"medalla-milagrosa-bendicion-de-maria","status":"publish","type":"product","link":"https:\/\/miracleart.cat\/en\/producto\/medalla-milagrosa-bendicion-de-maria\/","title":{"rendered":"Medalla Milagrosa Bendici\u00f3n de Mar\u00eda"},"content":{"rendered":"","protected":false},"excerpt":{"rendered":"<p>Medalla Milagrosa que irradia fe y protecci\u00f3n divina.<\/p>\n","protected":false},"featured_media":1797,"comment_status":"open","ping_status":"closed","template":"","meta":{"_acf_changed":false,"iawp_total_views":199},"marca":[111,65],"product_brand":[],"product_cat":[143],"product_tag":[145,146,147],"class_list":{"0":"post-679","1":"product","2":"type-product","3":"status-publish","4":"has-post-thumbnail","6":"marca-arte-bendito","7":"marca-miracle-art","8":"product_cat-la-medalla-milagrosa-en","9":"product_tag-apariciones-en","10":"product_tag-medallas-en","11":"product_tag-religion-en","13":"first","14":"instock","15":"sale","16":"shipping-taxable","17":"purchasable","18":"product-type-simple"},"acf":[],"yoast_head":"<!-- This site is optimized with the Yoast SEO plugin v27.3 - https:\/\/yoast.com\/product\/yoast-seo-wordpress\/ -->\n<title>Medalla Milagrosa Bendici\u00f3n de Mar\u00eda - Miracle Art<\/title>\n<meta name=\"description\" content=\"Adquiere la Medalla Milagrosa Bendici\u00f3n de Mar\u00eda en Miracle Art. Un s\u00edmbolo de fe y protecci\u00f3n divina disponible ahora con un 50% de descuento.\" \/>\n<meta name=\"robots\" content=\"index, follow, max-snippet:-1, max-image-preview:large, max-video-preview:-1\" \/>\n<link rel=\"canonical\" href=\"https:\/\/miracleart.cat\/en\/producto\/medalla-milagrosa-bendicion-de-maria\/\" \/>\n<meta property=\"og:locale\" content=\"en_US\" \/>\n<meta property=\"og:type\" content=\"article\" \/>\n<meta property=\"og:title\" content=\"Medalla Milagrosa Bendici\u00f3n de Mar\u00eda - Miracle Art\" \/>\n<meta property=\"og:description\" content=\"Adquiere la Medalla Milagrosa Bendici\u00f3n de Mar\u00eda en Miracle Art. Un s\u00edmbolo de fe y protecci\u00f3n divina disponible ahora con un 50% de descuento.\" \/>\n<meta property=\"og:url\" content=\"https:\/\/miracleart.cat\/en\/producto\/medalla-milagrosa-bendicion-de-maria\/\" \/>\n<meta property=\"og:site_name\" content=\"Miracle Art\" \/>\n<meta property=\"article:modified_time\" content=\"2026-01-20T18:55:20+00:00\" \/>\n<meta property=\"og:image\" content=\"https:\/\/miracleart.cat\/wp-content\/uploads\/2025\/09\/Captura-de-pantalla-2026-01-20-194557.jpg\" \/>\n\t<meta property=\"og:image:width\" content=\"351\" \/>\n\t<meta property=\"og:image:height\" content=\"437\" \/>\n\t<meta property=\"og:image:type\" content=\"image\/jpeg\" \/>\n<meta name=\"twitter:card\" content=\"summary_large_image\" \/>\n<!-- \/ Yoast SEO plugin. -->","yoast_head_json":{"title":"Medalla Milagrosa Bendici\u00f3n de Mar\u00eda - Miracle Art","description":"Adquiere la Medalla Milagrosa Bendici\u00f3n de Mar\u00eda en Miracle Art. Un s\u00edmbolo de fe y protecci\u00f3n divina disponible ahora con un 50% de descuento.","robots":{"index":"index","follow":"follow","max-snippet":"max-snippet:-1","max-image-preview":"max-image-preview:large","max-video-preview":"max-video-preview:-1"},"canonical":"https:\/\/miracleart.cat\/en\/producto\/medalla-milagrosa-bendicion-de-maria\/","og_locale":"en_US","og_type":"article","og_title":"Medalla Milagrosa Bendici\u00f3n de Mar\u00eda - Miracle Art","og_description":"Adquiere la Medalla Milagrosa Bendici\u00f3n de Mar\u00eda en Miracle Art. Un s\u00edmbolo de fe y protecci\u00f3n divina disponible ahora con un 50% de descuento.","og_url":"https:\/\/miracleart.cat\/en\/producto\/medalla-milagrosa-bendicion-de-maria\/","og_site_name":"Miracle Art","article_modified_time":"2026-01-20T18:55:20+00:00","og_image":[{"width":351,"height":437,"url":"https:\/\/miracleart.cat\/wp-content\/uploads\/2025\/09\/Captura-de-pantalla-2026-01-20-194557.jpg","type":"image\/jpeg"}],"twitter_card":"summary_large_image","schema":{"@context":"https:\/\/schema.org","@graph":[{"@type":"WebPage","@id":"https:\/\/miracleart.cat\/en\/producto\/medalla-milagrosa-bendicion-de-maria\/","url":"https:\/\/miracleart.cat\/en\/producto\/medalla-milagrosa-bendicion-de-maria\/","name":"Medalla Milagrosa Bendici\u00f3n de Mar\u00eda - Miracle Art","isPartOf":{"@id":"https:\/\/miracleart.cat\/en\/#website"},"primaryImageOfPage":{"@id":"https:\/\/miracleart.cat\/en\/producto\/medalla-milagrosa-bendicion-de-maria\/#primaryimage"},"image":{"@id":"https:\/\/miracleart.cat\/en\/producto\/medalla-milagrosa-bendicion-de-maria\/#primaryimage"},"thumbnailUrl":"https:\/\/miracleart.cat\/wp-content\/uploads\/2025\/09\/Captura-de-pantalla-2026-01-20-194557.jpg","datePublished":"2025-09-04T13:07:05+00:00","dateModified":"2026-01-20T18:55:20+00:00","description":"Adquiere la Medalla Milagrosa Bendici\u00f3n de Mar\u00eda en Miracle Art. Un s\u00edmbolo de fe y protecci\u00f3n divina disponible ahora con un 50% de descuento.","breadcrumb":{"@id":"https:\/\/miracleart.cat\/en\/producto\/medalla-milagrosa-bendicion-de-maria\/#breadcrumb"},"inLanguage":"en-US","potentialAction":[{"@type":"ReadAction","target":["https:\/\/miracleart.cat\/en\/producto\/medalla-milagrosa-bendicion-de-maria\/"]}]},{"@type":"ImageObject","inLanguage":"en-US","@id":"https:\/\/miracleart.cat\/en\/producto\/medalla-milagrosa-bendicion-de-maria\/#primaryimage","url":"https:\/\/miracleart.cat\/wp-content\/uploads\/2025\/09\/Captura-de-pantalla-2026-01-20-194557.jpg","contentUrl":"https:\/\/miracleart.cat\/wp-content\/uploads\/2025\/09\/Captura-de-pantalla-2026-01-20-194557.jpg","width":351,"height":437},{"@type":"BreadcrumbList","@id":"https:\/\/miracleart.cat\/en\/producto\/medalla-milagrosa-bendicion-de-maria\/#breadcrumb","itemListElement":[{"@type":"ListItem","position":1,"name":"Portada","item":"https:\/\/miracleart.cat\/en\/"},{"@type":"ListItem","position":2,"name":"Tienda","item":"https:\/\/miracleart.cat\/en\/tienda\/"},{"@type":"ListItem","position":3,"name":"Medalla Milagrosa Bendici\u00f3n de Mar\u00eda"}]},{"@type":"WebSite","@id":"https:\/\/miracleart.cat\/en\/#website","url":"https:\/\/miracleart.cat\/en\/","name":"Miracle Art","description":"Miracle Art","publisher":{"@id":"https:\/\/miracleart.cat\/en\/#organization"},"potentialAction":[{"@type":"SearchAction","target":{"@type":"EntryPoint","urlTemplate":"https:\/\/miracleart.cat\/en\/?s={search_term_string}"},"query-input":{"@type":"PropertyValueSpecification","valueRequired":true,"valueName":"search_term_string"}}],"inLanguage":"en-US"},{"@type":"Organization","@id":"https:\/\/miracleart.cat\/en\/#organization","name":"Miracle Art","url":"https:\/\/miracleart.cat\/en\/","logo":{"@type":"ImageObject","inLanguage":"en-US","@id":"https:\/\/miracleart.cat\/en\/#\/schema\/logo\/image\/","url":"https:\/\/miracleart.cat\/wp-content\/uploads\/2025\/09\/68b957978e868_Logo-MdM-Transparente.png","contentUrl":"https:\/\/miracleart.cat\/wp-content\/uploads\/2025\/09\/68b957978e868_Logo-MdM-Transparente.png","width":1080,"height":1080,"caption":"Miracle Art"},"image":{"@id":"https:\/\/miracleart.cat\/en\/#\/schema\/logo\/image\/"}}]}},"_links":{"self":[{"href":"https:\/\/miracleart.cat\/en\/wp-json\/wp\/v2\/product\/679","targetHints":{"allow":["GET"]}}],"collection":[{"href":"https:\/\/miracleart.cat\/en\/wp-json\/wp\/v2\/product"}],"about":[{"href":"https:\/\/miracleart.cat\/en\/wp-json\/wp\/v2\/types\/product"}],"replies":[{"embeddable":true,"href":"https:\/\/miracleart.cat\/en\/wp-json\/wp\/v2\/comments?post=679"}],"wp:featuredmedia":[{"embeddable":true,"href":"https:\/\/miracleart.cat\/en\/wp-json\/wp\/v2\/media\/1797"}],"wp:attachment":[{"href":"https:\/\/miracleart.cat\/en\/wp-json\/wp\/v2\/media?parent=679"}],"wp:term":[{"taxonomy":"marca","embeddable":true,"href":"https:\/\/miracleart.cat\/en\/wp-json\/wp\/v2\/marca?post=679"},{"taxonomy":"product_brand","embeddable":true,"href":"https:\/\/miracleart.cat\/en\/wp-json\/wp\/v2\/product_brand?post=679"},{"taxonomy":"product_cat","embeddable":true,"href":"https:\/\/miracleart.cat\/en\/wp-json\/wp\/v2\/product_cat?post=679"},{"taxonomy":"product_tag","embeddable":true,"href":"https:\/\/miracleart.cat\/en\/wp-json\/wp\/v2\/product_tag?post=679"}],"curies":[{"name":"wp","href":"https:\/\/api.w.org\/{rel}","templated":true}]}}