{"id":1252,"date":"2025-09-25T13:56:40","date_gmt":"2025-09-25T13:56:40","guid":{"rendered":"https:\/\/miracleart.cat\/apariciones\/"},"modified":"2026-01-28T15:35:15","modified_gmt":"2026-01-28T15:35:15","slug":"apariciones","status":"publish","type":"page","link":"https:\/\/miracleart.cat\/en\/apariciones\/","title":{"rendered":"Apariciones"},"content":{"rendered":"<section class=\"header_about_ecommerce_curvy1_1_1 background-1-dark\" id=\"\" data-block-id=\"69d4bdfce4bb869d4bdfce4bb9\">\r\n    <div class=\"container\">\r\n        <div class=\"row\">\r\n            <div class=\"col col-titulo\">\r\n                                <h1 class=\"tamano1 color-2-headings-light\">Aparuciones en Paris 1830<\/h1>\r\n                                                <div class=\"texto tamano-7-mediumcta color-2-body-light\"><p>El cielo baj\u00f3 a la tierra\u2026Desde julio hasta diciembre de 1830\u00a0sor Catalina, joven novicia de la Hijas de la Caridad, recibe el inmenso favor de conversar tres veces con la Virgen Mar\u00eda<\/p>\n<\/div>\r\n                            <\/div>\r\n            <div class=\"col col-imagen\">\r\n                                <div class=\"imagen\" aria-label=\"Arte abstracto en tonos suaves\"\r\n                    style=\"background-image:url('https:\/\/miracleart.cat\/wp-content\/uploads\/2025\/09\/home500-15.jpg');\">\r\n                                        <\/div>\r\n                <\/div>\r\n            <\/div>\r\n        <\/div>\r\n<\/section>\r\n<style>\r\n    .header_about_ecommerce_curvy1_1_1:after {\r\n        content: \"\";\r\n        background: var(--background-1-light);\r\n        width: 100%;\r\n        bottom: -1px;\r\n        left: 0;\r\n        height: 300px;\r\n        position: absolute;\r\n        z-index: 0;\r\n    }\r\n\r\n    .header_about_ecommerce_curvy1_1_1 .col-imagen .imagen {\r\n        height: 737px;\r\n        background-position: center;\r\n        background-repeat: no-repeat;\r\n        border-radius: 30px;\r\n        background-size: cover;\r\n    }\r\n    \r\n    .header_about_ecommerce_curvy1_1_1 {\r\n        padding-top: 260px;\r\n        position: relative;\r\n        padding-bottom: 40px;\r\n    }\r\n\r\n    .header_about_ecommerce_curvy1_1_1 .texto * {\r\n        padding-bottom: 15px;\r\n    }\r\n\r\n    .header_about_ecommerce_curvy1_1_1 .col-imagen {\r\n        margin-top: 125px;\r\n    }\r\n\r\n    .header_about_ecommerce_curvy1_1_1 .texto *:last-child {\r\n        padding-bottom: 0;\r\n    }\r\n\r\n    .header_about_ecommerce_curvy1_1_1 .container {\r\n        position: relative;\r\n        z-index: 1;\r\n    }\r\n\r\n    .header_about_ecommerce_curvy1_1_1 .col-titulo {\r\n        max-width: 1250px;\r\n        margin: 0 auto;\r\n        text-align: center;\r\n    }\r\n\r\n    .header_about_ecommerce_curvy1_1_1 .btn-round {\r\n        border-radius: 60px;\r\n        \/* background: var(--color-boton-3-normal);*\/\r\n        padding: 12px 25px;\r\n        \/*color: var(--color-boton-3-texto-normal);*\/\r\n        display: inline-block;\r\n        min-width: 175px;\r\n        text-align: center;\r\n        text-decoration: none;\r\n    }\r\n    \r\n    .header_about_ecommerce_curvy1_1_1 h1 {\r\n        padding-bottom: 20px;\r\n        max-width: 1205px;\r\n    }\r\n\r\n    @media (max-width:1350px) {\r\n        .header_about_ecommerce_curvy1_1_1 .col-imagen .imagen {\r\n            height: 620px;\r\n        }\r\n    }\r\n\r\n    @media (max-width:1200px) {\r\n        .header_about_ecommerce_curvy1_1_1 .col-imagen .imagen {\r\n            height: 540px;\r\n        }\r\n\r\n        .header_about_ecommerce_curvy1_1_1 {\r\n            padding-top: 180px;\r\n        }\r\n\r\n        .header_about_ecommerce_curvy1_1_1 .col-imagen {\r\n            margin-top: 100px;\r\n        }\r\n    }\r\n\r\n    @media (max-width:992px) {\r\n        .header_about_ecommerce_curvy1_1_1 .col-imagen .imagen {\r\n            height: 450px;\r\n        }\r\n    }\r\n\r\n    @media (max-width:768px) {\r\n        .header_about_ecommerce_curvy1_1_1 .col-imagen .imagen {\r\n            height: 350px;\r\n        }\r\n\r\n        .header_about_ecommerce_curvy1_1_1:after {\r\n            height: 215px;\r\n        }\r\n\r\n        .header_about_ecommerce_curvy1_1_1 {\r\n            padding-top: 100px;\r\n        }\r\n\r\n        .header_about_ecommerce_curvy1_1_1 h1 {\r\n            padding: 35px 0 25px;\r\n            line-height: var(--tamano5-line-height);\r\n            font-size: var(--tamano4-font-size);\r\n        }\r\n\r\n        .header_about_ecommerce_curvy1_1_1 .texto {\r\n            padding-bottom: 20px;\r\n        }\r\n\r\n        .header_about_ecommerce_curvy1_1_1 .col-imagen {\r\n            margin-top: 30px;\r\n        }\r\n    }\r\n\r\n    @media (max-width:575px) {\r\n        .header_about_ecommerce_curvy1_1_1 .col-imagen .imagen {\r\n            height: 275px;\r\n        }\r\n    }\r\n<\/style>\r\n\n\n<section class=\"about_ecommerce_curvy1_1_1 background-1-light\" data-block-id=\"69d4bdfce83e969d4bdfce83ea\">\r\n    <div class=\"container\">\r\n        <div class=\"row\">\r\n            <div class=\"col col-titulo\">\r\n                                <h2 class=\"titulo tamano3 color-1-headings-dark\">He aqu\u00ed la Sant\u00edsima Virgen.<\/h2>\r\n                            <\/div>\r\n            <div class=\"col col-down\">\r\n            \r\n                <div class=\"textos\">\r\n                                            <div class=\"texto color-1-body-dark tamano7\">\r\n                            <p>En los meses precedentes, Catalina fue favorecida con otras apariciones. San Vicente de Pa\u00fal le ense\u00f1\u00f3 su coraz\u00f3n. Estando en oraci\u00f3n en la capilla, Catalina vi\u00f3, tres d\u00edas seguidos,\u00a0<strong>el coraz\u00f3n de San Vicente de Pa\u00fal de tres colores distintos<\/strong>. Se le apareci\u00f3 primero blanco, color de paz; luego, rojo, color de fuego; por \u00faltimo, negro, se\u00f1al de las desgracias que iban a caer sobre Francia y Par\u00eds en particular.<br \/>\nPoco despu\u00e9s, Catalina vio a\u00a0<strong>Cristo presente en la Eucarist\u00eda,<\/strong>\u00a0m\u00e1s all\u00e1 de las apariencias del pan.<\/p>\n                        <\/div>\r\n                    \r\n                                            <div class=\"texto color-1-body-dark tamano7\">\r\n                            <p>Lorem ipsum dolor sit amet consectetur. Dapibus nulla amet eget lectus leo rutrum. Cras nisl amet diam aliquam. Eget auctor feugiat nibh ultricies mauris morbi nullam velit scelerisque. Vitae egestas malesuada in magna arcu libero id eget. Phasellus at platea urna euismod lorem diam lacus. Augue egestas lectus convallis sapien sit lectus congue. Pellentesque dignissim duis vel urna ut in eu. Integer et diam vel etiam adipiscing neque amet. Lacinia ornare egestas quis vestibulum proin faucibus amet tempor.rnrn In et sem lorem quam elit mauris. Aliquam urna eget sed sapien. Quis hac congue fermentum scelerisque enim. In et sem lorem quam elit mauris. Aliquam urna eget sed sapien. Quis hac congue fermentum scelerisque enim. In et sem lorem quam elit mauris. Aliquam urna eget sed sapien. Quis hac congue fermentum scelerisque enim.<\/p>\n                        <\/div>\r\n                                    <\/div>\r\n\r\n                                <div class=\"vermas tamano7 boton-4-texto-normal\">\r\n                    <span class=\"mas tamano7 boton-4-texto-normal\">Read more<\/span>\r\n                    <span class=\"menos hide tamano7 boton-4-texto-normal\">Read less<\/span>\r\n                    <svg width=\"13\" height=\"8\" viewBox=\"0 0 13 8\" fill=\"none\" xmlns=\"http:\/\/www.w3.org\/2000\/svg\">\r\n                        <path id=\"Vector 14\" d=\"M1 1L6.5 6.5L12 1\" stroke=\"#2B275C\" stroke-width=\"1.5\" \/>\r\n                    <\/svg>\r\n                <\/div>\r\n                                            <\/div>\r\n        <\/div>\r\n    <\/div>\r\n<\/section>\r\n<style>\r\n    .about_ecommerce_curvy1_1_1 .vermas svg path {\r\n        stroke: var(--color-1-body-dark);\r\n    }\r\n\r\n    .about_ecommerce_curvy1_1_1 .vermas .hide {\r\n        display: none;\r\n    }\r\n\r\n    .about_ecommerce_curvy1_1_1 .vermas.show svg {\r\n        transform: rotate(180deg);\r\n    }\r\n\r\n    .about_ecommerce_curvy1_1_1 .vermas {\r\n        display: none;\r\n        margin-top: 20px;\r\n        align-items: center;\r\n        gap: 10px;\r\n        cursor: pointer;\r\n    }\r\n\r\n    .about_ecommerce_curvy1_1_1 .vermas span {\r\n        font-weight: var(--tamano5-font-weight);\r\n    }\r\n\r\n    .about_ecommerce_curvy1_1_1 .texto {\r\n        display: flex;\r\n        flex-direction: column;\r\n        gap: 20px;\r\n    }\r\n\r\n    .about_ecommerce_curvy1_1_1 h2 {\r\n        padding-bottom: 55px;\r\n        max-width: 900px;\r\n    }\r\n\r\n    .about_ecommerce_curvy1_1_1 .textos .texto {\r\n        width: 50%;\r\n    }\r\n\r\n    .about_ecommerce_curvy1_1_1 .textos {\r\n        display: flex;\r\n        gap: 30px;\r\n        max-width: 1205px;\r\n        margin: 0 auto;\r\n    }\r\n\r\n    .about_ecommerce_curvy1_1_1 {\r\n        position: relative;\r\n        background-position: center;\r\n        background-repeat: no-repeat;\r\n        background-size: cover;\r\n        padding: 81px 150px;\r\n        margin-top: -1px;\r\n    }\r\n\r\n    @media (max-width:1550px) {\r\n        .about_ecommerce_curvy1_1_1 {\r\n            padding-left: 50px;\r\n            padding-right: 50px;\r\n        }\r\n\r\n        .about_ecommerce_curvy1_1_1 .textos {\r\n            max-width: 80%;\r\n        }\r\n    }\r\n\r\n    @media (max-width:1200px) {\r\n        .about_ecommerce_curvy1_1_1 {\r\n            padding-left: 0;\r\n            padding-right: 0;\r\n        }\r\n\r\n        .about_ecommerce_curvy1_1_1 .textos {\r\n            max-width: 100%;\r\n        }\r\n    }\r\n\r\n    @media (max-width:992px) {\r\n        .about_ecommerce_curvy1_1_1 .textos {\r\n            flex-direction: column;\r\n            gap: 20px;\r\n        }\r\n\r\n        .about_ecommerce_curvy1_1_1 .textos .texto {\r\n            width: 100%;\r\n        }\r\n\r\n        .about_ecommerce_curvy1_1_1 h2 {\r\n            padding-bottom: 35px;\r\n            line-height: var(--tamano4-line-height);\r\n        }\r\n\r\n        .about_ecommerce_curvy1_1_1 {\r\n            padding: 40px 0;\r\n        }\r\n    }\r\n\r\n    @media (max-width:768px) {\r\n        .about_ecommerce_curvy1_1_1 .textos .texto:first-child p:not(:first-child),\r\n        .about_ecommerce_curvy1_1_1 .textos .texto:nth-child(2) {\r\n            display: none;\r\n        }\r\n\r\n        .about_ecommerce_curvy1_1_1 .textos .texto:first-child.show p:not(:first-child),\r\n        .about_ecommerce_curvy1_1_1 .textos .texto:nth-child(2).show {\r\n            display: flex;\r\n        }\r\n\r\n        .about_ecommerce_curvy1_1_1 .vermas {\r\n            display: flex;\r\n            width: max-content;\r\n        }\r\n\r\n        .about_ecommerce_curvy1_1_1 h2 {\r\n            line-height: var(--tamano5-line-height);\r\n        }\r\n    }\r\n<\/style>\r\n<script>\r\n    jQuery('.about_ecommerce_curvy1_1_1 .vermas').on('click', function() {\r\n        if (window.matchMedia(\"(max-width: 768px)\").matches) {\r\n            jQuery('.about_ecommerce_curvy1_1_1 .texto').toggleClass('show');\r\n            jQuery('.about_ecommerce_curvy1_1_1 .vermas').toggleClass('show');\r\n            jQuery('.about_ecommerce_curvy1_1_1 .vermas span').toggleClass('hide');\r\n        }\r\n    });\r\n<\/script>\r\n\n\n<section class=\"about_ecommerce_curvy1_2_1 background-1-light\" id=\"\" data-block-id=\"69d4bdfce963569d4bdfce9636\">\r\n    <div class=\"container\">\r\n        <div class=\"row\">\r\n            <div class=\"col col-imagen\">\r\n                                <img decoding=\"async\" src=\"https:\/\/miracleart.cat\/wp-content\/uploads\/2025\/09\/contacto946-1.jpg\" alt=\"Pintura moderna con colores vivos\" title=\"Una pintura moderna y vibrante que utiliza colores vivos para transmitir emoci\u00f3n y energ\u00eda.\">\r\n                            <\/div>\r\n            <div class=\"col col-texto\">\r\n                                                                <h3 class=\"tamano4 color-1-headings-dark\">Lorem ipsum dolor sit amet consectetur.<\/h3>\r\n                                                <div class=\"texto tamano7 color-1-body-dark\"><p>Lorem ipsum dolor sit amet consectetur. Volutpat mollis leo vel in viverra arcu etiam adipiscing. At nunc pretium sodales diam. Lobortis maecenas augue magna aenean odio tempor senectus mauris.<\/p>\n<\/div>\r\n                                                                <h3 class=\"tamano4 color-1-headings-dark\">Lorem ipsum dolor sit amet consectetur.<\/h3>\r\n                                                <div class=\"texto tamano7 color-1-body-dark\"><p>Lorem ipsum dolor sit amet consectetur. Volutpat mollis leo vel in viverra arcu etiam adipiscing. At nunc pretium sodales diam. Lobortis maecenas augue magna aenean odio tempor senectus mauris.<\/p>\n<\/div>\r\n                                                                <h3 class=\"tamano4 color-1-headings-dark\">Lorem ipsum dolor sit amet consectetur.<\/h3>\r\n                                                <div class=\"texto tamano7 color-1-body-dark\"><p>Lorem ipsum dolor sit amet consectetur. Volutpat mollis leo vel in viverra arcu etiam adipiscing. At nunc pretium sodales diam. Lobortis maecenas augue magna aenean odio tempor senectus mauris.<\/p>\n<\/div>\r\n                                                            <\/div>\r\n        <\/div>\r\n    <\/div>\r\n<\/section>\r\n<style>\r\n    .about_ecommerce_curvy1_2_1 .row .col-texto h3 {\r\n        padding-bottom: 10px;\r\n    }\r\n\r\n    .about_ecommerce_curvy1_2_1 .row .col-texto {\r\n        max-width: 40%;\r\n        width: 100%;\r\n    }\r\n\r\n    .about_ecommerce_curvy1_2_1 .row {\r\n        display: flex;\r\n        flex-direction: row;\r\n        justify-content: space-between;\r\n        align-items: center;\r\n    }\r\n\r\n    .about_ecommerce_curvy1_2_1 .texto *:last-child {\r\n        padding-bottom: 0;\r\n    }\r\n\r\n    .about_ecommerce_curvy1_2_1 .col-imagen {\r\n        max-width: 50%;\r\n        width: 100%;\r\n    }\r\n\r\n    .about_ecommerce_curvy1_2_1 img {\r\n        width: 100%;\r\n        border-radius: 30px;\r\n    }\r\n\r\n     .about_ecommerce_curvy1_2_1 .texto:not(:last-child) {\r\n        padding-bottom: 50px;\r\n    }\r\n\r\n    .about_ecommerce_curvy1_2_1 .texto * {\r\n        padding-bottom: 20px;\r\n    }\r\n\r\n    .about_ecommerce_curvy1_2_1 {\r\n        padding: 80px 150px;\r\n        position: relative;\r\n    }\r\n\r\n    @media (max-width:1750px) {\r\n        .about_ecommerce_curvy1_2_1 {\r\n            padding-left: 50px;\r\n            padding-right: 50px;\r\n        }\r\n    }\r\n\r\n    @media (max-width:1350px) {\r\n        .about_ecommerce_curvy1_2_1 .row .col-texto {\r\n            max-width: 50%;\r\n        }\r\n\r\n        .about_ecommerce_curvy1_2_1 {\r\n            padding-left: 0;\r\n            padding-right: 0;\r\n        }\r\n    }\r\n\r\n    @media (max-width:992px) {\r\n        .about_ecommerce_curvy1_2_1 .texto {\r\n            padding-bottom: 35px;\r\n        }\r\n\r\n        .about_ecommerce_curvy1_2_1 .row .col-texto,\r\n        .about_ecommerce_curvy1_2_1 .col-imagen {\r\n            max-width: 100%;\r\n        }\r\n\r\n        .about_ecommerce_curvy1_2_1 .row {\r\n            flex-direction: column;\r\n            gap: 35px;\r\n        }\r\n\r\n        .about_ecommerce_curvy1_2_1 .row .col-texto {\r\n            max-width: 100%;\r\n        }\r\n\r\n        .about_ecommerce_curvy1_2_1 {\r\n            padding: 40px 0;\r\n        }\r\n    }\r\n<\/style>\r\n","protected":false},"excerpt":{"rendered":"","protected":false},"author":1,"featured_media":0,"parent":0,"menu_order":0,"comment_status":"open","ping_status":"closed","template":"","meta":{"_acf_changed":false,"iawp_total_views":2,"footnotes":""},"class_list":["post-1252","page","type-page","status-publish","hentry"],"acf":[],"yoast_head":"<!-- This site is optimized with the Yoast SEO plugin v27.3 - https:\/\/yoast.com\/product\/yoast-seo-wordpress\/ -->\n<title>Explora el arte m\u00edstico en Miracle Art<\/title>\n<meta name=\"description\" content=\"Descubre el mundo espiritual de Miracle Art en Barcelona. Explora arte transformador que fusiona misticismo y devoci\u00f3n. \u00a1Conecta hoy!\" \/>\n<meta name=\"robots\" content=\"index, follow, max-snippet:-1, max-image-preview:large, max-video-preview:-1\" \/>\n<link rel=\"canonical\" href=\"https:\/\/miracleart.cat\/en\/apariciones\/\" \/>\n<meta property=\"og:locale\" content=\"en_US\" \/>\n<meta property=\"og:type\" content=\"article\" \/>\n<meta property=\"og:title\" content=\"Explora el arte m\u00edstico en Miracle Art\" \/>\n<meta property=\"og:description\" content=\"Descubre el mundo espiritual de Miracle Art en Barcelona. Explora arte transformador que fusiona misticismo y devoci\u00f3n. \u00a1Conecta hoy!\" \/>\n<meta property=\"og:url\" content=\"https:\/\/miracleart.cat\/en\/apariciones\/\" \/>\n<meta property=\"og:site_name\" content=\"Miracle Art\" \/>\n<meta property=\"article:modified_time\" content=\"2026-01-28T15:35:15+00:00\" \/>\n<meta name=\"twitter:card\" content=\"summary_large_image\" \/>\n<!-- \/ Yoast SEO plugin. -->","yoast_head_json":{"title":"Explora el arte m\u00edstico en Miracle Art","description":"Descubre el mundo espiritual de Miracle Art en Barcelona. Explora arte transformador que fusiona misticismo y devoci\u00f3n. \u00a1Conecta hoy!","robots":{"index":"index","follow":"follow","max-snippet":"max-snippet:-1","max-image-preview":"max-image-preview:large","max-video-preview":"max-video-preview:-1"},"canonical":"https:\/\/miracleart.cat\/en\/apariciones\/","og_locale":"en_US","og_type":"article","og_title":"Explora el arte m\u00edstico en Miracle Art","og_description":"Descubre el mundo espiritual de Miracle Art en Barcelona. Explora arte transformador que fusiona misticismo y devoci\u00f3n. \u00a1Conecta hoy!","og_url":"https:\/\/miracleart.cat\/en\/apariciones\/","og_site_name":"Miracle Art","article_modified_time":"2026-01-28T15:35:15+00:00","twitter_card":"summary_large_image","schema":{"@context":"https:\/\/schema.org","@graph":[{"@type":"WebPage","@id":"https:\/\/miracleart.cat\/en\/apariciones\/","url":"https:\/\/miracleart.cat\/en\/apariciones\/","name":"Explora el arte m\u00edstico en Miracle Art","isPartOf":{"@id":"https:\/\/miracleart.cat\/en\/#website"},"datePublished":"2025-09-25T13:56:40+00:00","dateModified":"2026-01-28T15:35:15+00:00","description":"Descubre el mundo espiritual de Miracle Art en Barcelona. Explora arte transformador que fusiona misticismo y devoci\u00f3n. \u00a1Conecta hoy!","breadcrumb":{"@id":"https:\/\/miracleart.cat\/en\/apariciones\/#breadcrumb"},"inLanguage":"en-US","potentialAction":[{"@type":"ReadAction","target":["https:\/\/miracleart.cat\/en\/apariciones\/"]}]},{"@type":"BreadcrumbList","@id":"https:\/\/miracleart.cat\/en\/apariciones\/#breadcrumb","itemListElement":[{"@type":"ListItem","position":1,"name":"Portada","item":"https:\/\/miracleart.cat\/en\/"},{"@type":"ListItem","position":2,"name":"Apariciones"}]},{"@type":"WebSite","@id":"https:\/\/miracleart.cat\/en\/#website","url":"https:\/\/miracleart.cat\/en\/","name":"Miracle Art","description":"Miracle Art","publisher":{"@id":"https:\/\/miracleart.cat\/en\/#organization"},"potentialAction":[{"@type":"SearchAction","target":{"@type":"EntryPoint","urlTemplate":"https:\/\/miracleart.cat\/en\/?s={search_term_string}"},"query-input":{"@type":"PropertyValueSpecification","valueRequired":true,"valueName":"search_term_string"}}],"inLanguage":"en-US"},{"@type":"Organization","@id":"https:\/\/miracleart.cat\/en\/#organization","name":"Miracle Art","url":"https:\/\/miracleart.cat\/en\/","logo":{"@type":"ImageObject","inLanguage":"en-US","@id":"https:\/\/miracleart.cat\/en\/#\/schema\/logo\/image\/","url":"https:\/\/miracleart.cat\/wp-content\/uploads\/2025\/09\/68b957978e868_Logo-MdM-Transparente.png","contentUrl":"https:\/\/miracleart.cat\/wp-content\/uploads\/2025\/09\/68b957978e868_Logo-MdM-Transparente.png","width":1080,"height":1080,"caption":"Miracle Art"},"image":{"@id":"https:\/\/miracleart.cat\/en\/#\/schema\/logo\/image\/"}}]}},"_links":{"self":[{"href":"https:\/\/miracleart.cat\/en\/wp-json\/wp\/v2\/pages\/1252","targetHints":{"allow":["GET"]}}],"collection":[{"href":"https:\/\/miracleart.cat\/en\/wp-json\/wp\/v2\/pages"}],"about":[{"href":"https:\/\/miracleart.cat\/en\/wp-json\/wp\/v2\/types\/page"}],"author":[{"embeddable":true,"href":"https:\/\/miracleart.cat\/en\/wp-json\/wp\/v2\/users\/1"}],"replies":[{"embeddable":true,"href":"https:\/\/miracleart.cat\/en\/wp-json\/wp\/v2\/comments?post=1252"}],"version-history":[{"count":6,"href":"https:\/\/miracleart.cat\/en\/wp-json\/wp\/v2\/pages\/1252\/revisions"}],"predecessor-version":[{"id":1851,"href":"https:\/\/miracleart.cat\/en\/wp-json\/wp\/v2\/pages\/1252\/revisions\/1851"}],"wp:attachment":[{"href":"https:\/\/miracleart.cat\/en\/wp-json\/wp\/v2\/media?parent=1252"}],"curies":[{"name":"wp","href":"https:\/\/api.w.org\/{rel}","templated":true}]}}