{"id":1251,"date":"2025-09-25T14:24:22","date_gmt":"2025-09-25T14:24:22","guid":{"rendered":"https:\/\/miracleart.cat\/faqs\/"},"modified":"2025-11-05T11:44:24","modified_gmt":"2025-11-05T11:44:24","slug":"faqs","status":"publish","type":"page","link":"https:\/\/miracleart.cat\/en\/faqs\/","title":{"rendered":"FAQ&#8217;s"},"content":{"rendered":"<section class=\"faqs_ecommerce_curvy1_3_1 background-1-light\" id=\"\" data-block-id=\"69d2526a424e769d2526a424e8\">\r\n    <div class=\"container\">\r\n        <div class=\"row row-titulo\">\r\n            <div class=\"col\">\r\n                                <h2 class=\"tamano2 color-1-headings-dark\">FAQ\u2019s<\/h2>\r\n                            <\/div>\r\n        <\/div>\r\n        <div class=\"row\">\r\n            <div class=\"col col-texto acordeon\">\r\n                <div class=\"inner\">\r\n                                                            <div class=\"item texto-item background-2-light\">\r\n                        <div class=\"title\">\r\n                            <div class=\"text\">\r\n                                <span>\r\n                                    <h3 class=\"tamano5 color-1-headings-dark \">\u00bfPreguntas sobre nuestros productos milagrosos?<\/h3>\r\n                                <\/span>\r\n                                <div class=\"icono\">\r\n                                    <svg class=\"mas\" width=\"49\" height=\"49\" viewBox=\"0 0 49 49\" fill=\"none\"\r\n                                        xmlns=\"http:\/\/www.w3.org\/2000\/svg\">\r\n                                        <ellipse cx=\"24.5\" cy=\"24.5\" rx=\"24.5\" ry=\"24.5\"\r\n                                            fill=\"#D3E7F6\" \/>\r\n                                        <path d=\"M35 24L15 24\" stroke=\"#3A286E\" stroke-width=\"2\"\r\n                                            stroke-linecap=\"round\" \/>\r\n                                        <path d=\"M25 34L25 14\" stroke=\"#3A286E\" stroke-width=\"2\"\r\n                                            stroke-linecap=\"round\" \/>\r\n                                    <\/svg>\r\n                                    <svg class=\"menos\" width=\"49\" height=\"49\" viewBox=\"0 0 49 49\" fill=\"none\"\r\n                                        xmlns=\"http:\/\/www.w3.org\/2000\/svg\">\r\n                                        <ellipse cx=\"24.5\" cy=\"24.5\" rx=\"24.5\" ry=\"24.5\"\r\n                                            fill=\"#885DA6\" \/>\r\n                                        <path d=\"M35 24L15 24\" stroke=\"#D3E7F6\" stroke-width=\"2\"\r\n                                            stroke-linecap=\"round\" \/>\r\n                                    <\/svg>\r\n                                <\/div>\r\n                            <\/div>\r\n                            <div class=\"clear\"><\/div>\r\n                        <\/div>\r\n                        <div class=\"description\" style=\"display: none;\">\r\n                            <div class=\"contenido flex\">\r\n                                <div class=\"textocont sinimagen\">\r\n                                                                        <div class=\"right\">\r\n                                                                                <div class=\"texto tamano7 color-1-body-dark\"><p>Descubre el arte de lo divino con Miracle Art. Nos especializamos en la emblem\u00e1tica &#8220;Medalla Milagrosa&#8221; y otros objetos de arte religioso que llevan el mensaje celestial de la Virgen Mar\u00eda, directamente a tu hogar. El estilo es nuestro superpoder secreto: hacemos que lo sagrado luzca fenomenal. Dinos qu\u00e9 necesitas saber: desde c\u00f3mo adquirir nuestras obras maestras hasta detalles de env\u00edo. \u00a1Tu viaje espiritual est\u00e1 a un clic de distancia! Bienvenido a tu rinc\u00f3n celestial favorito en Internet, donde el arte es un milagro.<\/p>\n<\/div>\r\n                                                                                                                        <a href=\"#\" target=\"\"\r\n                                            class=\"btn-round tamano-7-mediumcta color-boton-2-texto-normal color-boton-2-texto-hover color-boton-2-normal color-boton-2-hover\">\r\n                                            Con\u00f3cenos                                        <\/a>\r\n                                                                            <\/div>\r\n                                <\/div>\r\n                            <\/div>\r\n                        <\/div>\r\n                    <\/div>\r\n                                        <div class=\"item texto-item background-2-light\">\r\n                        <div class=\"title\">\r\n                            <div class=\"text\">\r\n                                <span>\r\n                                    <h3 class=\"tamano5 color-1-headings-dark \">Preguntas Frecuentes sobre Miracle Art<\/h3>\r\n                                <\/span>\r\n                                <div class=\"icono\">\r\n                                    <svg class=\"mas\" width=\"49\" height=\"49\" viewBox=\"0 0 49 49\" fill=\"none\"\r\n                                        xmlns=\"http:\/\/www.w3.org\/2000\/svg\">\r\n                                        <ellipse cx=\"24.5\" cy=\"24.5\" rx=\"24.5\" ry=\"24.5\"\r\n                                            fill=\"#D3E7F6\" \/>\r\n                                        <path d=\"M35 24L15 24\" stroke=\"#3A286E\" stroke-width=\"2\"\r\n                                            stroke-linecap=\"round\" \/>\r\n                                        <path d=\"M25 34L25 14\" stroke=\"#3A286E\" stroke-width=\"2\"\r\n                                            stroke-linecap=\"round\" \/>\r\n                                    <\/svg>\r\n                                    <svg class=\"menos\" width=\"49\" height=\"49\" viewBox=\"0 0 49 49\" fill=\"none\"\r\n                                        xmlns=\"http:\/\/www.w3.org\/2000\/svg\">\r\n                                        <ellipse cx=\"24.5\" cy=\"24.5\" rx=\"24.5\" ry=\"24.5\"\r\n                                            fill=\"#885DA6\" \/>\r\n                                        <path d=\"M35 24L15 24\" stroke=\"#D3E7F6\" stroke-width=\"2\"\r\n                                            stroke-linecap=\"round\" \/>\r\n                                    <\/svg>\r\n                                <\/div>\r\n                            <\/div>\r\n                            <div class=\"clear\"><\/div>\r\n                        <\/div>\r\n                        <div class=\"description\" style=\"display: none;\">\r\n                            <div class=\"contenido flex\">\r\n                                <div class=\"textocont sinimagen\">\r\n                                                                        <div class=\"right\">\r\n                                                                                <div class=\"texto tamano7 color-1-body-dark\"><p>\u00bfCu\u00e1l es la historia de la Medalla Milagrosa? En 1830, en Par\u00eds, la Virgen Mar\u00eda se apareci\u00f3 a Santa Catalina y le dej\u00f3 el mensaje de amor y fe que hoy difundimos. \u00a1Con cada medalla llevas un pedacito de esta historia contigo! Adem\u00e1s, en Miracle Art encontrar\u00e1s otros objetos de arte religioso que completan esta m\u00e1gica tradici\u00f3n. \u00bfTienes alguna otra pregunta sobre nuestros productos? \u00a1Estamos aqu\u00ed para ayudarte a descubrir el arte divino y divertido!<\/p>\n<\/div>\r\n                                                                                                                        <a href=\"#\" target=\"\"\r\n                                            class=\"btn-round tamano-7-mediumcta color-boton-2-texto-normal color-boton-2-texto-hover color-boton-2-normal color-boton-2-hover\">\r\n                                            Mas-info                                        <\/a>\r\n                                                                            <\/div>\r\n                                <\/div>\r\n                            <\/div>\r\n                        <\/div>\r\n                    <\/div>\r\n                                        <div class=\"item texto-item background-2-light\">\r\n                        <div class=\"title\">\r\n                            <div class=\"text\">\r\n                                <span>\r\n                                    <h3 class=\"tamano5 color-1-headings-dark \">\u00bfQu\u00e9 productos ofrece Miracle Art?<\/h3>\r\n                                <\/span>\r\n                                <div class=\"icono\">\r\n                                    <svg class=\"mas\" width=\"49\" height=\"49\" viewBox=\"0 0 49 49\" fill=\"none\"\r\n                                        xmlns=\"http:\/\/www.w3.org\/2000\/svg\">\r\n                                        <ellipse cx=\"24.5\" cy=\"24.5\" rx=\"24.5\" ry=\"24.5\"\r\n                                            fill=\"#D3E7F6\" \/>\r\n                                        <path d=\"M35 24L15 24\" stroke=\"#3A286E\" stroke-width=\"2\"\r\n                                            stroke-linecap=\"round\" \/>\r\n                                        <path d=\"M25 34L25 14\" stroke=\"#3A286E\" stroke-width=\"2\"\r\n                                            stroke-linecap=\"round\" \/>\r\n                                    <\/svg>\r\n                                    <svg class=\"menos\" width=\"49\" height=\"49\" viewBox=\"0 0 49 49\" fill=\"none\"\r\n                                        xmlns=\"http:\/\/www.w3.org\/2000\/svg\">\r\n                                        <ellipse cx=\"24.5\" cy=\"24.5\" rx=\"24.5\" ry=\"24.5\"\r\n                                            fill=\"#885DA6\" \/>\r\n                                        <path d=\"M35 24L15 24\" stroke=\"#D3E7F6\" stroke-width=\"2\"\r\n                                            stroke-linecap=\"round\" \/>\r\n                                    <\/svg>\r\n                                <\/div>\r\n                            <\/div>\r\n                            <div class=\"clear\"><\/div>\r\n                        <\/div>\r\n                        <div class=\"description\" style=\"display: none;\">\r\n                            <div class=\"contenido flex\">\r\n                                <div class=\"textocont sinimagen\">\r\n                                                                        <div class=\"right\">\r\n                                                                                <div class=\"texto tamano7 color-1-body-dark\"><p>\u00a1Hola, amante del arte! En Miracle Art nos especializamos en traerte un pedacito de historia celestial. Nuestro enfoque principal es la difusi\u00f3n del mensaje de la Virgen Mar\u00eda a trav\u00e9s de la Medalla Milagrosa, creada tras su aparici\u00f3n en Par\u00eds en 1830. Pero no nos detenemos ah\u00ed, tambi\u00e9n tenemos una fant\u00e1stica colecci\u00f3n de arte religioso que acompa\u00f1a a la medalla, para que puedas acercarte m\u00e1s a esa espiritualidad con un toque art\u00edstico que har\u00e1 brillar cualquier rinc\u00f3n de tu hogar.<\/p>\n<\/div>\r\n                                                                                                                        <a href=\"#\" target=\"\"\r\n                                            class=\"btn-round tamano-7-mediumcta color-boton-2-texto-normal color-boton-2-texto-hover color-boton-2-normal color-boton-2-hover\">\r\n                                            Productos                                        <\/a>\r\n                                                                            <\/div>\r\n                                <\/div>\r\n                            <\/div>\r\n                        <\/div>\r\n                    <\/div>\r\n                                                        <\/div>\r\n            <\/div>\r\n        <\/div>\r\n    <\/div>\r\n<\/section>\r\n<style>\r\n    .faqs_ecommerce_curvy1_3_1 .row .textocont:not(.sinimagen) .left img {\r\n        border-radius: 15px;\r\n        max-width: 350px;\r\n    }\r\n\r\n     .faqs_ecommerce_curvy1_3_1 .row .textocont:not(.sinimagen) .right {\r\n        width: calc(100% - 380px);\r\n    }\r\n\r\n    .faqs_ecommerce_curvy1_3_1 .row .textocont:not(.sinimagen) {\r\n        gap: 30px;\r\n        margin: 0;\r\n        padding: 15px 30px 30px 30px;\r\n        align-items: flex-start;\r\n    }\r\n\r\n    .faqs_ecommerce_curvy1_3_1 .row .textocont.sinimagen {\r\n        width: 100%;\r\n        padding: 15px 30px 30px 30px;\r\n        margin: 0;\r\n    }\r\n\r\n    .faqs_ecommerce_curvy1_3_1 .row .textocont.sinimagen .right {\r\n        width: 100%;\r\n    }\r\n\r\n    .faqs_ecommerce_curvy1_3_1 .row .col-texto h3 {\r\n        transition: all ease .3s;\r\n    }\r\n\r\n    .faqs_ecommerce_curvy1_3_1 .row .col-texto {\r\n        width: 100%;\r\n        margin: 0 auto;\r\n    }\r\n\r\n    .faqs_ecommerce_curvy1_3_1 .row .text {\r\n        padding: 15px 30px;\r\n        display: flex;\r\n        align-items: center;\r\n        gap: 30px;\r\n        justify-content: space-between;\r\n    }\r\n\r\n    .faqs_ecommerce_curvy1_3_1 .row .textocont .right {\r\n        width: calc(100% - 533px);\r\n    }\r\n\r\n    .faqs_ecommerce_curvy1_3_1 .row .textocont .left img {\r\n        max-width: 433px;\r\n        border-radius: 3px;\r\n    }\r\n\r\n     .faqs_ecommerce_curvy1_3_1 .row .text>span {\r\n        width: calc(100% - 50px);\r\n    }\r\n\r\n    .faqs_ecommerce_curvy1_3_1 .row .text.open .mas {\r\n        display: none;\r\n    }\r\n\r\n    .faqs_ecommerce_curvy1_3_1 .row .text.open .menos {\r\n        display: block;\r\n    }\r\n\r\n    .faqs_ecommerce_curvy1_3_1 .row .text .menos {\r\n        display: none;\r\n    }\r\n\r\n    .faqs_ecommerce_curvy1_3_1 .row .text .menos ellipse {\r\n        fill: var(--color-boton-1-hover);\r\n    }\r\n\r\n    .faqs_ecommerce_curvy1_3_1 .row .text .mas ellipse {\r\n        fill: var(--color-boton-1-normal);\r\n    }\r\n\r\n    .faqs_ecommerce_curvy1_3_1 .row .text .menos path {\r\n        stroke: var(--color-boton-1-texto-hover);\r\n    }\r\n\r\n    .faqs_ecommerce_curvy1_3_1 .row .text .mas path {\r\n        stroke: var(--color-boton-1-texto-normal);\r\n    }\r\n\r\n    .faqs_ecommerce_curvy1_3_1 .row .textocont {\r\n        display: flex;\r\n        align-items: center;\r\n        margin-bottom: 60px;\r\n        gap: 100px;\r\n    }\r\n\r\n    .faqs_ecommerce_curvy1_3_1 .row {\r\n        display: flex;\r\n        align-items: center;\r\n        gap: 180px;\r\n    }\r\n\r\n    .faqs_ecommerce_curvy1_3_1 .col-texto .inner {\r\n        gap: 20px;\r\n        display: flex;\r\n        flex-direction: column;\r\n    }\r\n\r\n    .faqs_ecommerce_curvy1_3_1 .texto-item {\r\n        cursor: pointer;\r\n        border-radius: 40px;\r\n    }\r\n\r\n     .faqs_ecommerce_curvy1_3_1 .btn-round {\r\n        border-radius: 60px;\r\n        padding: 12px 25px;\r\n        display: inline-block;\r\n        min-width: 175px;\r\n        text-align: center;\r\n        text-decoration: none;\r\n    }\r\n\r\n     .faqs_ecommerce_curvy1_3_1 .texto *:last-child {\r\n        padding-bottom: 0;\r\n    }\r\n\r\n    .faqs_ecommerce_curvy1_3_1 img {\r\n        width: 100%;\r\n    }\r\n\r\n    .faqs_ecommerce_curvy1_3_1 .texto {\r\n        padding-bottom: 30px;\r\n    }\r\n\r\n    .faqs_ecommerce_curvy1_3_1 .texto * {\r\n        padding-bottom: 20px;\r\n    }\r\n\r\n    .faqs_ecommerce_curvy1_3_1 h2 {\r\n        text-align: center;\r\n        padding-bottom: 70px;\r\n    }\r\n\r\n    .faqs_ecommerce_curvy1_3_1 {\r\n        padding: 80px 150px;\r\n        position: relative;\r\n    }\r\n\r\n    @media (max-width:1550px) {\r\n        .faqs_ecommerce_curvy1_3_1 {\r\n            padding-left: 50px;\r\n            padding-right: 50px;\r\n        }\r\n    }\r\n\r\n    @media (max-width:1350px) {\r\n        .faqs_ecommerce_curvy1_3_1 {\r\n            padding-left: 0;\r\n            padding-right: 0;\r\n        }\r\n    }\r\n\r\n    @media (max-width:1200px) {\r\n        .faqs_ecommerce_curvy1_3_1 .row .textocont {\r\n            gap: 30px;\r\n        }\r\n\r\n        .faqs_ecommerce_curvy1_3_1 .row .textocont .right {\r\n            width: calc(100% - 463px);\r\n        }\r\n\r\n        .faqs_ecommerce_curvy1_3_1 .row .textocont {\r\n            margin-bottom: 30px;\r\n        }\r\n\r\n        .faqs_ecommerce_curvy1_3_1 .row .textocont.sinimagen .right {\r\n            width: 100%;\r\n        }\r\n    }\r\n\r\n    @media (max-width:992px) {\r\n        .faqs_ecommerce_curvy1_3_1 .row .textocont.sinimagen {\r\n            padding-left: 30px;\r\n            padding-bottom: 20px;\r\n            padding-right: 30px;\r\n        }\r\n\r\n        .faqs_ecommerce_curvy1_3_1 .row .textocont:not(.sinimagen) {\r\n            padding-bottom: 30px;\r\n        }\r\n\r\n        .faqs_ecommerce_curvy1_3_1 .row .textocont:not(.sinimagen) .right {\r\n            width: 100%;\r\n        }\r\n\r\n        .faqs_ecommerce_curvy1_3_1 .row .textocont {\r\n            flex-direction: column;\r\n            align-items: flex-start;\r\n        }\r\n\r\n        .faqs_ecommerce_curvy1_3_1 .row .textocont .right {\r\n            width: 100%;\r\n        }\r\n\r\n        .faqs_ecommerce_curvy1_3_1 .col-texto .inner {\r\n            gap: 20px;\r\n        }\r\n\r\n        .faqs_ecommerce_curvy1_3_1 .texto {\r\n            padding-bottom: 20px;\r\n        }\r\n\r\n        .faqs_ecommerce_curvy1_3_1 .row {\r\n            flex-direction: column;\r\n            gap: 35px;\r\n        }\r\n\r\n        .faqs_ecommerce_curvy1_3_1 .row .col-texto {\r\n            max-width: 100%;\r\n        }\r\n\r\n        .faqs_ecommerce_curvy1_3_1 .row .col-texto h3 {\r\n            line-height: var(--tamano7-line-height);\r\n        }\r\n\r\n        .faqs_ecommerce_curvy1_3_1 h2 {\r\n            padding-bottom: 35px;\r\n        }\r\n\r\n        .faqs_ecommerce_curvy1_3_1 {\r\n            padding: 40px 0;\r\n        }\r\n    }\r\n<\/style>\r\n<script>\r\n    jQuery(document).on(\"click\", \".faqs_ecommerce_curvy1_3_1 .acordeon .title\", function(e) {\r\n        jQuery(\".faqs_ecommerce_curvy1_3_1 .acordeon .open\").removeClass(\"open\");\r\n        jQuery(\".faqs_ecommerce_curvy1_3_1 .acordeon .column p\").slideUp(\"linear\");\r\n        jQuery(\".faqs_ecommerce_curvy1_3_1 .acordeon .content .icoPlus\").show();\r\n        jQuery(\".faqs_ecommerce_curvy1_3_1 .acordeon .content .icoMinus\").hide();\r\n\r\n        if (jQuery(this).parent(\".item\").children(\".description\").is(\":visible\")) {\r\n            jQuery(\".faqs_ecommerce_curvy1_3_1 .acordeon .description\").slideUp(\"linear\");\r\n        } else {\r\n            jQuery(\".faqs_ecommerce_curvy1_3_1 .acordeon .description\").slideUp(\"linear\");\r\n            jQuery(this).parent(\".item\").children(\".description\").slideDown(\"linear\");\r\n            jQuery(this).children(\".text\").addClass(\"open\");\r\n        }\r\n    });\r\n<\/script>\r\n\r\n<script type=\"application\/ld+json\">{\"@context\":\"https:\/\/schema.org\",\"@type\":\"FAQPage\",\"mainEntity\":[{\"@type\":\"Question\",\"name\":\"\u00bfPreguntas sobre nuestros productos milagrosos?\",\"acceptedAnswer\":{\"@type\":\"Answer\",\"text\":\"<p>Descubre el arte de lo divino con Miracle Art. Nos especializamos en la emblem\u00e1tica &#8220;Medalla Milagrosa&#8221; y otros objetos de arte religioso que llevan el mensaje celestial de la Virgen Mar\u00eda, directamente a tu hogar. El estilo es nuestro superpoder secreto: hacemos que lo sagrado luzca fenomenal. Dinos qu\u00e9 necesitas saber: desde c\u00f3mo adquirir nuestras obras maestras hasta detalles de env\u00edo. \u00a1Tu viaje espiritual est\u00e1 a un clic de distancia! Bienvenido a tu rinc\u00f3n celestial favorito en Internet, donde el arte es un milagro.<\/p>\\n\"}},{\"@type\":\"Question\",\"name\":\"Preguntas Frecuentes sobre Miracle Art\",\"acceptedAnswer\":{\"@type\":\"Answer\",\"text\":\"<p>\u00bfCu\u00e1l es la historia de la Medalla Milagrosa? En 1830, en Par\u00eds, la Virgen Mar\u00eda se apareci\u00f3 a Santa Catalina y le dej\u00f3 el mensaje de amor y fe que hoy difundimos. \u00a1Con cada medalla llevas un pedacito de esta historia contigo! Adem\u00e1s, en Miracle Art encontrar\u00e1s otros objetos de arte religioso que completan esta m\u00e1gica tradici\u00f3n. \u00bfTienes alguna otra pregunta sobre nuestros productos? \u00a1Estamos aqu\u00ed para ayudarte a descubrir el arte divino y divertido!<\/p>\\n\"}},{\"@type\":\"Question\",\"name\":\"\u00bfQu\u00e9 productos ofrece Miracle Art?\",\"acceptedAnswer\":{\"@type\":\"Answer\",\"text\":\"<p>\u00a1Hola, amante del arte! En Miracle Art nos especializamos en traerte un pedacito de historia celestial. Nuestro enfoque principal es la difusi\u00f3n del mensaje de la Virgen Mar\u00eda a trav\u00e9s de la Medalla Milagrosa, creada tras su aparici\u00f3n en Par\u00eds en 1830. Pero no nos detenemos ah\u00ed, tambi\u00e9n tenemos una fant\u00e1stica colecci\u00f3n de arte religioso que acompa\u00f1a a la medalla, para que puedas acercarte m\u00e1s a esa espiritualidad con un toque art\u00edstico que har\u00e1 brillar cualquier rinc\u00f3n de tu hogar.<\/p>\\n\"}}]}<\/script>","protected":false},"excerpt":{"rendered":"","protected":false},"author":1,"featured_media":0,"parent":0,"menu_order":0,"comment_status":"open","ping_status":"closed","template":"","meta":{"_acf_changed":false,"iawp_total_views":2,"footnotes":""},"class_list":["post-1251","page","type-page","status-publish","hentry"],"acf":[],"yoast_head":"<!-- This site is optimized with the Yoast SEO plugin v27.3 - https:\/\/yoast.com\/product\/yoast-seo-wordpress\/ -->\n<title>FAQ&#039;s - Miracle Art<\/title>\n<meta name=\"description\" content=\"Explora las preguntas frecuentes sobre arte en Miracle Art. Conoce m\u00e1s sobre nuestras t\u00e9cnicas y estilos art\u00edsticos para inspirarte.\" \/>\n<meta name=\"robots\" content=\"index, follow, max-snippet:-1, max-image-preview:large, max-video-preview:-1\" \/>\n<link rel=\"canonical\" href=\"https:\/\/miracleart.cat\/en\/faqs\/\" \/>\n<meta property=\"og:locale\" content=\"en_US\" \/>\n<meta property=\"og:type\" content=\"article\" \/>\n<meta property=\"og:title\" content=\"FAQ&#039;s - Miracle Art\" \/>\n<meta property=\"og:description\" content=\"Explora las preguntas frecuentes sobre arte en Miracle Art. Conoce m\u00e1s sobre nuestras t\u00e9cnicas y estilos art\u00edsticos para inspirarte.\" \/>\n<meta property=\"og:url\" content=\"https:\/\/miracleart.cat\/en\/faqs\/\" \/>\n<meta property=\"og:site_name\" content=\"Miracle Art\" \/>\n<meta property=\"article:modified_time\" content=\"2025-11-05T11:44:24+00:00\" \/>\n<meta name=\"twitter:card\" content=\"summary_large_image\" \/>\n<!-- \/ Yoast SEO plugin. -->","yoast_head_json":{"title":"FAQ's - Miracle Art","description":"Explora las preguntas frecuentes sobre arte en Miracle Art. Conoce m\u00e1s sobre nuestras t\u00e9cnicas y estilos art\u00edsticos para inspirarte.","robots":{"index":"index","follow":"follow","max-snippet":"max-snippet:-1","max-image-preview":"max-image-preview:large","max-video-preview":"max-video-preview:-1"},"canonical":"https:\/\/miracleart.cat\/en\/faqs\/","og_locale":"en_US","og_type":"article","og_title":"FAQ's - Miracle Art","og_description":"Explora las preguntas frecuentes sobre arte en Miracle Art. Conoce m\u00e1s sobre nuestras t\u00e9cnicas y estilos art\u00edsticos para inspirarte.","og_url":"https:\/\/miracleart.cat\/en\/faqs\/","og_site_name":"Miracle Art","article_modified_time":"2025-11-05T11:44:24+00:00","twitter_card":"summary_large_image","schema":{"@context":"https:\/\/schema.org","@graph":[{"@type":"WebPage","@id":"https:\/\/miracleart.cat\/en\/faqs\/","url":"https:\/\/miracleart.cat\/en\/faqs\/","name":"FAQ's - Miracle Art","isPartOf":{"@id":"https:\/\/miracleart.cat\/en\/#website"},"datePublished":"2025-09-25T14:24:22+00:00","dateModified":"2025-11-05T11:44:24+00:00","description":"Explora las preguntas frecuentes sobre arte en Miracle Art. Conoce m\u00e1s sobre nuestras t\u00e9cnicas y estilos art\u00edsticos para inspirarte.","breadcrumb":{"@id":"https:\/\/miracleart.cat\/en\/faqs\/#breadcrumb"},"inLanguage":"en-US","potentialAction":[{"@type":"ReadAction","target":["https:\/\/miracleart.cat\/en\/faqs\/"]}]},{"@type":"BreadcrumbList","@id":"https:\/\/miracleart.cat\/en\/faqs\/#breadcrumb","itemListElement":[{"@type":"ListItem","position":1,"name":"Portada","item":"https:\/\/miracleart.cat\/en\/"},{"@type":"ListItem","position":2,"name":"FAQ&#8217;s"}]},{"@type":"WebSite","@id":"https:\/\/miracleart.cat\/en\/#website","url":"https:\/\/miracleart.cat\/en\/","name":"Miracle Art","description":"Miracle Art","publisher":{"@id":"https:\/\/miracleart.cat\/en\/#organization"},"potentialAction":[{"@type":"SearchAction","target":{"@type":"EntryPoint","urlTemplate":"https:\/\/miracleart.cat\/en\/?s={search_term_string}"},"query-input":{"@type":"PropertyValueSpecification","valueRequired":true,"valueName":"search_term_string"}}],"inLanguage":"en-US"},{"@type":"Organization","@id":"https:\/\/miracleart.cat\/en\/#organization","name":"Miracle Art","url":"https:\/\/miracleart.cat\/en\/","logo":{"@type":"ImageObject","inLanguage":"en-US","@id":"https:\/\/miracleart.cat\/en\/#\/schema\/logo\/image\/","url":"https:\/\/miracleart.cat\/wp-content\/uploads\/2025\/09\/68b957978e868_Logo-MdM-Transparente.png","contentUrl":"https:\/\/miracleart.cat\/wp-content\/uploads\/2025\/09\/68b957978e868_Logo-MdM-Transparente.png","width":1080,"height":1080,"caption":"Miracle Art"},"image":{"@id":"https:\/\/miracleart.cat\/en\/#\/schema\/logo\/image\/"}}]}},"_links":{"self":[{"href":"https:\/\/miracleart.cat\/en\/wp-json\/wp\/v2\/pages\/1251","targetHints":{"allow":["GET"]}}],"collection":[{"href":"https:\/\/miracleart.cat\/en\/wp-json\/wp\/v2\/pages"}],"about":[{"href":"https:\/\/miracleart.cat\/en\/wp-json\/wp\/v2\/types\/page"}],"author":[{"embeddable":true,"href":"https:\/\/miracleart.cat\/en\/wp-json\/wp\/v2\/users\/1"}],"replies":[{"embeddable":true,"href":"https:\/\/miracleart.cat\/en\/wp-json\/wp\/v2\/comments?post=1251"}],"version-history":[{"count":6,"href":"https:\/\/miracleart.cat\/en\/wp-json\/wp\/v2\/pages\/1251\/revisions"}],"predecessor-version":[{"id":1637,"href":"https:\/\/miracleart.cat\/en\/wp-json\/wp\/v2\/pages\/1251\/revisions\/1637"}],"wp:attachment":[{"href":"https:\/\/miracleart.cat\/en\/wp-json\/wp\/v2\/media?parent=1251"}],"curies":[{"name":"wp","href":"https:\/\/api.w.org\/{rel}","templated":true}]}}