{"id":672,"date":"2025-09-04T12:53:30","date_gmt":"2025-09-04T12:53:30","guid":{"rendered":"https:\/\/miracleart.cat\/producto\/medalla-milagrosa-el-milagro-de-paris-en-tus-manos\/"},"modified":"2025-09-29T13:47:38","modified_gmt":"2025-09-29T13:47:38","slug":"medalla-milagrosa-el-milagro-de-paris-en-tus-manos","status":"publish","type":"product","link":"https:\/\/miracleart.cat\/ca\/producto\/medalla-milagrosa-el-milagro-de-paris-en-tus-manos\/","title":{"rendered":"Medalla Milagrosa: El Milagro de Par\u00eds en tus Manos"},"content":{"rendered":"","protected":false},"excerpt":{"rendered":"<p>Con\u00e9ctate con la historia de la Medalla Milagrosa.<\/p>\n","protected":false},"featured_media":452,"comment_status":"open","ping_status":"closed","template":"","meta":{"_acf_changed":false,"iawp_total_views":0},"marca":[88,65],"product_brand":[],"product_cat":[123],"product_tag":[120,135,121],"class_list":{"0":"post-672","1":"product","2":"type-product","3":"status-publish","4":"has-post-thumbnail","6":"marca-fe-eterna","7":"marca-miracle-art","8":"product_cat-re-miracleart-ca","9":"product_tag-arte-religioso-ca","10":"product_tag-devocion-ca","11":"product_tag-medalla-milagrosa-ca","13":"first","14":"instock","15":"shipping-taxable","16":"purchasable","17":"product-type-simple"},"acf":[],"yoast_head":"<!-- This site is optimized with the Yoast SEO plugin v27.3 - https:\/\/yoast.com\/product\/yoast-seo-wordpress\/ -->\n<title>Medalla Milagrosa: Par\u00eds en tus Manos<\/title>\n<meta name=\"description\" content=\"Adquiere la Medalla Milagrosa de Miracle Art y lleva contigo el milagro de Par\u00eds. Un s\u00edmbolo de fe y devoci\u00f3n disponible ahora.\" \/>\n<meta name=\"robots\" content=\"index, follow, max-snippet:-1, max-image-preview:large, max-video-preview:-1\" \/>\n<link rel=\"canonical\" href=\"https:\/\/miracleart.cat\/ca\/producto\/medalla-milagrosa-el-milagro-de-paris-en-tus-manos\/\" \/>\n<meta property=\"og:locale\" content=\"ca_ES\" \/>\n<meta property=\"og:type\" content=\"article\" \/>\n<meta property=\"og:title\" content=\"Medalla Milagrosa: Par\u00eds en tus Manos\" \/>\n<meta property=\"og:description\" content=\"Adquiere la Medalla Milagrosa de Miracle Art y lleva contigo el milagro de Par\u00eds. Un s\u00edmbolo de fe y devoci\u00f3n disponible ahora.\" \/>\n<meta property=\"og:url\" content=\"https:\/\/miracleart.cat\/ca\/producto\/medalla-milagrosa-el-milagro-de-paris-en-tus-manos\/\" \/>\n<meta property=\"og:site_name\" content=\"Miracle Art\" \/>\n<meta property=\"article:modified_time\" content=\"2025-09-29T13:47:38+00:00\" \/>\n<meta property=\"og:image\" content=\"https:\/\/miracleart.cat\/wp-content\/uploads\/2025\/09\/Leonardo_Vision_XL_Crea_una_imagen_que_transmita_un_estilo_div_0-1024x832.jpg\" \/>\n\t<meta property=\"og:image:width\" content=\"1024\" \/>\n\t<meta property=\"og:image:height\" content=\"832\" \/>\n\t<meta property=\"og:image:type\" content=\"image\/jpeg\" \/>\n<meta name=\"twitter:card\" content=\"summary_large_image\" \/>\n<!-- \/ Yoast SEO plugin. -->","yoast_head_json":{"title":"Medalla Milagrosa: Par\u00eds en tus Manos","description":"Adquiere la Medalla Milagrosa de Miracle Art y lleva contigo el milagro de Par\u00eds. Un s\u00edmbolo de fe y devoci\u00f3n disponible ahora.","robots":{"index":"index","follow":"follow","max-snippet":"max-snippet:-1","max-image-preview":"max-image-preview:large","max-video-preview":"max-video-preview:-1"},"canonical":"https:\/\/miracleart.cat\/ca\/producto\/medalla-milagrosa-el-milagro-de-paris-en-tus-manos\/","og_locale":"ca_ES","og_type":"article","og_title":"Medalla Milagrosa: Par\u00eds en tus Manos","og_description":"Adquiere la Medalla Milagrosa de Miracle Art y lleva contigo el milagro de Par\u00eds. Un s\u00edmbolo de fe y devoci\u00f3n disponible ahora.","og_url":"https:\/\/miracleart.cat\/ca\/producto\/medalla-milagrosa-el-milagro-de-paris-en-tus-manos\/","og_site_name":"Miracle Art","article_modified_time":"2025-09-29T13:47:38+00:00","og_image":[{"width":1024,"height":832,"url":"https:\/\/miracleart.cat\/wp-content\/uploads\/2025\/09\/Leonardo_Vision_XL_Crea_una_imagen_que_transmita_un_estilo_div_0-1024x832.jpg","type":"image\/jpeg"}],"twitter_card":"summary_large_image","schema":{"@context":"https:\/\/schema.org","@graph":[{"@type":"WebPage","@id":"https:\/\/miracleart.cat\/ca\/producto\/medalla-milagrosa-el-milagro-de-paris-en-tus-manos\/","url":"https:\/\/miracleart.cat\/ca\/producto\/medalla-milagrosa-el-milagro-de-paris-en-tus-manos\/","name":"Medalla Milagrosa: Par\u00eds en tus Manos","isPartOf":{"@id":"https:\/\/miracleart.cat\/ca\/#website"},"primaryImageOfPage":{"@id":"https:\/\/miracleart.cat\/ca\/producto\/medalla-milagrosa-el-milagro-de-paris-en-tus-manos\/#primaryimage"},"image":{"@id":"https:\/\/miracleart.cat\/ca\/producto\/medalla-milagrosa-el-milagro-de-paris-en-tus-manos\/#primaryimage"},"thumbnailUrl":"https:\/\/miracleart.cat\/wp-content\/uploads\/2025\/09\/Leonardo_Vision_XL_Crea_una_imagen_que_transmita_un_estilo_div_0.jpg","datePublished":"2025-09-04T12:53:30+00:00","dateModified":"2025-09-29T13:47:38+00:00","description":"Adquiere la Medalla Milagrosa de Miracle Art y lleva contigo el milagro de Par\u00eds. Un s\u00edmbolo de fe y devoci\u00f3n disponible ahora.","breadcrumb":{"@id":"https:\/\/miracleart.cat\/ca\/producto\/medalla-milagrosa-el-milagro-de-paris-en-tus-manos\/#breadcrumb"},"inLanguage":"ca","potentialAction":[{"@type":"ReadAction","target":["https:\/\/miracleart.cat\/ca\/producto\/medalla-milagrosa-el-milagro-de-paris-en-tus-manos\/"]}]},{"@type":"ImageObject","inLanguage":"ca","@id":"https:\/\/miracleart.cat\/ca\/producto\/medalla-milagrosa-el-milagro-de-paris-en-tus-manos\/#primaryimage","url":"https:\/\/miracleart.cat\/wp-content\/uploads\/2025\/09\/Leonardo_Vision_XL_Crea_una_imagen_que_transmita_un_estilo_div_0.jpg","contentUrl":"https:\/\/miracleart.cat\/wp-content\/uploads\/2025\/09\/Leonardo_Vision_XL_Crea_una_imagen_que_transmita_un_estilo_div_0.jpg","width":1792,"height":1456},{"@type":"BreadcrumbList","@id":"https:\/\/miracleart.cat\/ca\/producto\/medalla-milagrosa-el-milagro-de-paris-en-tus-manos\/#breadcrumb","itemListElement":[{"@type":"ListItem","position":1,"name":"Portada","item":"https:\/\/miracleart.cat\/ca\/"},{"@type":"ListItem","position":2,"name":"Tienda","item":"https:\/\/miracleart.cat\/ca\/tienda\/"},{"@type":"ListItem","position":3,"name":"Medalla Milagrosa: El Milagro de Par\u00eds en tus Manos"}]},{"@type":"WebSite","@id":"https:\/\/miracleart.cat\/ca\/#website","url":"https:\/\/miracleart.cat\/ca\/","name":"Miracle Art","description":"Miracle Art","publisher":{"@id":"https:\/\/miracleart.cat\/ca\/#organization"},"potentialAction":[{"@type":"SearchAction","target":{"@type":"EntryPoint","urlTemplate":"https:\/\/miracleart.cat\/ca\/?s={search_term_string}"},"query-input":{"@type":"PropertyValueSpecification","valueRequired":true,"valueName":"search_term_string"}}],"inLanguage":"ca"},{"@type":"Organization","@id":"https:\/\/miracleart.cat\/ca\/#organization","name":"Miracle Art","url":"https:\/\/miracleart.cat\/ca\/","logo":{"@type":"ImageObject","inLanguage":"ca","@id":"https:\/\/miracleart.cat\/ca\/#\/schema\/logo\/image\/","url":"https:\/\/miracleart.cat\/wp-content\/uploads\/2025\/09\/68b957978e868_Logo-MdM-Transparente.png","contentUrl":"https:\/\/miracleart.cat\/wp-content\/uploads\/2025\/09\/68b957978e868_Logo-MdM-Transparente.png","width":1080,"height":1080,"caption":"Miracle Art"},"image":{"@id":"https:\/\/miracleart.cat\/ca\/#\/schema\/logo\/image\/"}}]}},"_links":{"self":[{"href":"https:\/\/miracleart.cat\/ca\/wp-json\/wp\/v2\/product\/672","targetHints":{"allow":["GET"]}}],"collection":[{"href":"https:\/\/miracleart.cat\/ca\/wp-json\/wp\/v2\/product"}],"about":[{"href":"https:\/\/miracleart.cat\/ca\/wp-json\/wp\/v2\/types\/product"}],"replies":[{"embeddable":true,"href":"https:\/\/miracleart.cat\/ca\/wp-json\/wp\/v2\/comments?post=672"}],"wp:featuredmedia":[{"embeddable":true,"href":"https:\/\/miracleart.cat\/ca\/wp-json\/wp\/v2\/media\/452"}],"wp:attachment":[{"href":"https:\/\/miracleart.cat\/ca\/wp-json\/wp\/v2\/media?parent=672"}],"wp:term":[{"taxonomy":"marca","embeddable":true,"href":"https:\/\/miracleart.cat\/ca\/wp-json\/wp\/v2\/marca?post=672"},{"taxonomy":"product_brand","embeddable":true,"href":"https:\/\/miracleart.cat\/ca\/wp-json\/wp\/v2\/product_brand?post=672"},{"taxonomy":"product_cat","embeddable":true,"href":"https:\/\/miracleart.cat\/ca\/wp-json\/wp\/v2\/product_cat?post=672"},{"taxonomy":"product_tag","embeddable":true,"href":"https:\/\/miracleart.cat\/ca\/wp-json\/wp\/v2\/product_tag?post=672"}],"curies":[{"name":"wp","href":"https:\/\/api.w.org\/{rel}","templated":true}]}}