{"id":659,"date":"2025-09-04T13:06:04","date_gmt":"2025-09-04T13:06:04","guid":{"rendered":"https:\/\/miracleart.cat\/producto\/medalla-milagrosa-de-maria-bendecida\/"},"modified":"2025-09-29T13:38:35","modified_gmt":"2025-09-29T13:38:35","slug":"medalla-milagrosa-de-maria-bendecida","status":"publish","type":"product","link":"https:\/\/miracleart.cat\/ca\/producto\/medalla-milagrosa-de-maria-bendecida\/","title":{"rendered":"Medalla Milagrosa de Mar\u00eda Bendecida"},"content":{"rendered":"","protected":false},"excerpt":{"rendered":"<p>Medalla Milagrosa: s\u00edmbolo de fe y protecci\u00f3n divina.<\/p>\n","protected":false},"featured_media":621,"comment_status":"open","ping_status":"closed","template":"","meta":{"_acf_changed":false,"iawp_total_views":123},"marca":[109,65],"product_brand":[],"product_cat":[],"product_tag":[120,121,122],"class_list":{"0":"post-659","1":"product","2":"type-product","3":"status-publish","4":"has-post-thumbnail","6":"marca-devocion-pura","7":"marca-miracle-art","8":"product_tag-arte-religioso-ca","9":"product_tag-medalla-milagrosa-ca","10":"product_tag-proteccion-divina-ca","12":"first","13":"instock","14":"sale","15":"shipping-taxable","16":"purchasable","17":"product-type-simple"},"acf":[],"yoast_head":"<!-- This site is optimized with the Yoast SEO plugin v27.3 - https:\/\/yoast.com\/product\/yoast-seo-wordpress\/ -->\n<title>Medalla Milagrosa de Mar\u00eda Bendecida - Miracle Art<\/title>\n<meta name=\"description\" content=\"Descubre la Medalla Milagrosa de Mar\u00eda, s\u00edmbolo de fe y protecci\u00f3n divina. Ahora disponible en Miracle Art con un descuento especial. Env\u00edo gratis y devoluciones en 100 d\u00edas.\" \/>\n<meta name=\"robots\" content=\"index, follow, max-snippet:-1, max-image-preview:large, max-video-preview:-1\" \/>\n<link rel=\"canonical\" href=\"https:\/\/miracleart.cat\/ca\/producto\/medalla-milagrosa-de-maria-bendecida\/\" \/>\n<meta property=\"og:locale\" content=\"ca_ES\" \/>\n<meta property=\"og:type\" content=\"article\" \/>\n<meta property=\"og:title\" content=\"Medalla Milagrosa de Mar\u00eda Bendecida - Miracle Art\" \/>\n<meta property=\"og:description\" content=\"Descubre la Medalla Milagrosa de Mar\u00eda, s\u00edmbolo de fe y protecci\u00f3n divina. Ahora disponible en Miracle Art con un descuento especial. Env\u00edo gratis y devoluciones en 100 d\u00edas.\" \/>\n<meta property=\"og:url\" content=\"https:\/\/miracleart.cat\/ca\/producto\/medalla-milagrosa-de-maria-bendecida\/\" \/>\n<meta property=\"og:site_name\" content=\"Miracle Art\" \/>\n<meta property=\"article:modified_time\" content=\"2025-09-29T13:38:35+00:00\" \/>\n<meta property=\"og:image\" content=\"https:\/\/miracleart.cat\/wp-content\/uploads\/2025\/09\/Leonardo_Vision_XL_Representa_una_medalla_milagrosa_en_un_esti_0.jpg\" \/>\n\t<meta property=\"og:image:width\" content=\"1792\" \/>\n\t<meta property=\"og:image:height\" content=\"1456\" \/>\n\t<meta property=\"og:image:type\" content=\"image\/jpeg\" \/>\n<meta name=\"twitter:card\" content=\"summary_large_image\" \/>\n<!-- \/ Yoast SEO plugin. -->","yoast_head_json":{"title":"Medalla Milagrosa de Mar\u00eda Bendecida - Miracle Art","description":"Descubre la Medalla Milagrosa de Mar\u00eda, s\u00edmbolo de fe y protecci\u00f3n divina. Ahora disponible en Miracle Art con un descuento especial. Env\u00edo gratis y devoluciones en 100 d\u00edas.","robots":{"index":"index","follow":"follow","max-snippet":"max-snippet:-1","max-image-preview":"max-image-preview:large","max-video-preview":"max-video-preview:-1"},"canonical":"https:\/\/miracleart.cat\/ca\/producto\/medalla-milagrosa-de-maria-bendecida\/","og_locale":"ca_ES","og_type":"article","og_title":"Medalla Milagrosa de Mar\u00eda Bendecida - Miracle Art","og_description":"Descubre la Medalla Milagrosa de Mar\u00eda, s\u00edmbolo de fe y protecci\u00f3n divina. Ahora disponible en Miracle Art con un descuento especial. Env\u00edo gratis y devoluciones en 100 d\u00edas.","og_url":"https:\/\/miracleart.cat\/ca\/producto\/medalla-milagrosa-de-maria-bendecida\/","og_site_name":"Miracle Art","article_modified_time":"2025-09-29T13:38:35+00:00","og_image":[{"width":1792,"height":1456,"url":"https:\/\/miracleart.cat\/wp-content\/uploads\/2025\/09\/Leonardo_Vision_XL_Representa_una_medalla_milagrosa_en_un_esti_0.jpg","type":"image\/jpeg"}],"twitter_card":"summary_large_image","schema":{"@context":"https:\/\/schema.org","@graph":[{"@type":"WebPage","@id":"https:\/\/miracleart.cat\/ca\/producto\/medalla-milagrosa-de-maria-bendecida\/","url":"https:\/\/miracleart.cat\/ca\/producto\/medalla-milagrosa-de-maria-bendecida\/","name":"Medalla Milagrosa de Mar\u00eda Bendecida - Miracle Art","isPartOf":{"@id":"https:\/\/miracleart.cat\/ca\/#website"},"primaryImageOfPage":{"@id":"https:\/\/miracleart.cat\/ca\/producto\/medalla-milagrosa-de-maria-bendecida\/#primaryimage"},"image":{"@id":"https:\/\/miracleart.cat\/ca\/producto\/medalla-milagrosa-de-maria-bendecida\/#primaryimage"},"thumbnailUrl":"https:\/\/miracleart.cat\/wp-content\/uploads\/2025\/09\/Leonardo_Vision_XL_Representa_una_medalla_milagrosa_en_un_esti_0.jpg","datePublished":"2025-09-04T13:06:04+00:00","dateModified":"2025-09-29T13:38:35+00:00","description":"Descubre la Medalla Milagrosa de Mar\u00eda, s\u00edmbolo de fe y protecci\u00f3n divina. Ahora disponible en Miracle Art con un descuento especial. Env\u00edo gratis y devoluciones en 100 d\u00edas.","breadcrumb":{"@id":"https:\/\/miracleart.cat\/ca\/producto\/medalla-milagrosa-de-maria-bendecida\/#breadcrumb"},"inLanguage":"ca","potentialAction":[{"@type":"ReadAction","target":["https:\/\/miracleart.cat\/ca\/producto\/medalla-milagrosa-de-maria-bendecida\/"]}]},{"@type":"ImageObject","inLanguage":"ca","@id":"https:\/\/miracleart.cat\/ca\/producto\/medalla-milagrosa-de-maria-bendecida\/#primaryimage","url":"https:\/\/miracleart.cat\/wp-content\/uploads\/2025\/09\/Leonardo_Vision_XL_Representa_una_medalla_milagrosa_en_un_esti_0.jpg","contentUrl":"https:\/\/miracleart.cat\/wp-content\/uploads\/2025\/09\/Leonardo_Vision_XL_Representa_una_medalla_milagrosa_en_un_esti_0.jpg","width":1792,"height":1456},{"@type":"BreadcrumbList","@id":"https:\/\/miracleart.cat\/ca\/producto\/medalla-milagrosa-de-maria-bendecida\/#breadcrumb","itemListElement":[{"@type":"ListItem","position":1,"name":"Portada","item":"https:\/\/miracleart.cat\/ca\/"},{"@type":"ListItem","position":2,"name":"Tienda","item":"https:\/\/miracleart.cat\/ca\/tienda\/"},{"@type":"ListItem","position":3,"name":"Medalla Milagrosa de Mar\u00eda Bendecida"}]},{"@type":"WebSite","@id":"https:\/\/miracleart.cat\/ca\/#website","url":"https:\/\/miracleart.cat\/ca\/","name":"Miracle Art","description":"Miracle Art","publisher":{"@id":"https:\/\/miracleart.cat\/ca\/#organization"},"potentialAction":[{"@type":"SearchAction","target":{"@type":"EntryPoint","urlTemplate":"https:\/\/miracleart.cat\/ca\/?s={search_term_string}"},"query-input":{"@type":"PropertyValueSpecification","valueRequired":true,"valueName":"search_term_string"}}],"inLanguage":"ca"},{"@type":"Organization","@id":"https:\/\/miracleart.cat\/ca\/#organization","name":"Miracle Art","url":"https:\/\/miracleart.cat\/ca\/","logo":{"@type":"ImageObject","inLanguage":"ca","@id":"https:\/\/miracleart.cat\/ca\/#\/schema\/logo\/image\/","url":"https:\/\/miracleart.cat\/wp-content\/uploads\/2025\/09\/68b957978e868_Logo-MdM-Transparente.png","contentUrl":"https:\/\/miracleart.cat\/wp-content\/uploads\/2025\/09\/68b957978e868_Logo-MdM-Transparente.png","width":1080,"height":1080,"caption":"Miracle Art"},"image":{"@id":"https:\/\/miracleart.cat\/ca\/#\/schema\/logo\/image\/"}}]}},"_links":{"self":[{"href":"https:\/\/miracleart.cat\/ca\/wp-json\/wp\/v2\/product\/659","targetHints":{"allow":["GET"]}}],"collection":[{"href":"https:\/\/miracleart.cat\/ca\/wp-json\/wp\/v2\/product"}],"about":[{"href":"https:\/\/miracleart.cat\/ca\/wp-json\/wp\/v2\/types\/product"}],"replies":[{"embeddable":true,"href":"https:\/\/miracleart.cat\/ca\/wp-json\/wp\/v2\/comments?post=659"}],"wp:featuredmedia":[{"embeddable":true,"href":"https:\/\/miracleart.cat\/ca\/wp-json\/wp\/v2\/media\/621"}],"wp:attachment":[{"href":"https:\/\/miracleart.cat\/ca\/wp-json\/wp\/v2\/media?parent=659"}],"wp:term":[{"taxonomy":"marca","embeddable":true,"href":"https:\/\/miracleart.cat\/ca\/wp-json\/wp\/v2\/marca?post=659"},{"taxonomy":"product_brand","embeddable":true,"href":"https:\/\/miracleart.cat\/ca\/wp-json\/wp\/v2\/product_brand?post=659"},{"taxonomy":"product_cat","embeddable":true,"href":"https:\/\/miracleart.cat\/ca\/wp-json\/wp\/v2\/product_cat?post=659"},{"taxonomy":"product_tag","embeddable":true,"href":"https:\/\/miracleart.cat\/ca\/wp-json\/wp\/v2\/product_tag?post=659"}],"curies":[{"name":"wp","href":"https:\/\/api.w.org\/{rel}","templated":true}]}}